{"id":8130,"date":"2026-04-24T06:51:28","date_gmt":"2026-04-24T03:51:28","guid":{"rendered":"https:\/\/eveikals.citro.lv\/ventspils\/veikals\/ella-santolino-vinogu-kaulinu-0-5l\/"},"modified":"2026-04-24T06:51:40","modified_gmt":"2026-04-24T03:51:40","slug":"ella-santolino-vinogu-kaulinu-0-5l","status":"publish","type":"product","link":"https:\/\/ventspils.citro.lv\/ru\/veikals\/ella-santolino-vinogu-kaulinu-0-5l\/","title":{"rendered":"E\u013c\u013ca Santolino v\u012bnogu kauli\u0146u 0.5l"},"content":{"rendered":"","protected":false},"excerpt":{"rendered":"<p>6.18 \u20ac\/l<\/p>\n","protected":false},"featured_media":1252136,"template":"","meta":{"_acf_changed":false,"inline_featured_image":false},"product_cat":[116,164],"product_tag":[],"acf":[],"aioseo_notices":[],"_links":{"self":[{"href":"https:\/\/ventspils.citro.lv\/ru\/wp-json\/wp\/v2\/product\/8130"}],"collection":[{"href":"https:\/\/ventspils.citro.lv\/ru\/wp-json\/wp\/v2\/product"}],"about":[{"href":"https:\/\/ventspils.citro.lv\/ru\/wp-json\/wp\/v2\/types\/product"}],"wp:featuredmedia":[{"embeddable":true,"href":"https:\/\/ventspils.citro.lv\/ru\/wp-json\/wp\/v2\/media\/1252136"}],"wp:attachment":[{"href":"https:\/\/ventspils.citro.lv\/ru\/wp-json\/wp\/v2\/media?parent=8130"}],"wp:term":[{"taxonomy":"product_cat","embeddable":true,"href":"https:\/\/ventspils.citro.lv\/ru\/wp-json\/wp\/v2\/product_cat?post=8130"},{"taxonomy":"product_tag","embeddable":true,"href":"https:\/\/ventspils.citro.lv\/ru\/wp-json\/wp\/v2\/product_tag?post=8130"}],"curies":[{"name":"wp","href":"https:\/\/api.w.org\/{rel}","templated":true}]}}