{"id":8126,"date":"2026-05-14T01:57:29","date_gmt":"2026-05-13T22:57:29","guid":{"rendered":"https:\/\/eveikals.citro.lv\/ventspils\/veikals\/sardeles-varitas-c-g-kvalitates-standarts-450g\/"},"modified":"2026-05-14T01:57:33","modified_gmt":"2026-05-13T22:57:33","slug":"sardeles-varitas-c-g-kvalitates-standarts-450g","status":"publish","type":"product","link":"https:\/\/ventspils.citro.lv\/ru\/veikals\/sardeles-varitas-c-g-kvalitates-standarts-450g\/","title":{"rendered":"Sardeles v\u0101r\u012bt\u0101s c\/g  Kvalit\u0101tes standarts 450g"},"content":{"rendered":"","protected":false},"excerpt":{"rendered":"<p>8.20 \u20ac\/kg<\/p>\n","protected":false},"featured_media":1260543,"template":"","meta":{"_acf_changed":false,"inline_featured_image":false},"product_cat":[135,192],"product_tag":[],"acf":[],"aioseo_notices":[],"_links":{"self":[{"href":"https:\/\/ventspils.citro.lv\/ru\/wp-json\/wp\/v2\/product\/8126"}],"collection":[{"href":"https:\/\/ventspils.citro.lv\/ru\/wp-json\/wp\/v2\/product"}],"about":[{"href":"https:\/\/ventspils.citro.lv\/ru\/wp-json\/wp\/v2\/types\/product"}],"wp:featuredmedia":[{"embeddable":true,"href":"https:\/\/ventspils.citro.lv\/ru\/wp-json\/wp\/v2\/media\/1260543"}],"wp:attachment":[{"href":"https:\/\/ventspils.citro.lv\/ru\/wp-json\/wp\/v2\/media?parent=8126"}],"wp:term":[{"taxonomy":"product_cat","embeddable":true,"href":"https:\/\/ventspils.citro.lv\/ru\/wp-json\/wp\/v2\/product_cat?post=8126"},{"taxonomy":"product_tag","embeddable":true,"href":"https:\/\/ventspils.citro.lv\/ru\/wp-json\/wp\/v2\/product_tag?post=8126"}],"curies":[{"name":"wp","href":"https:\/\/api.w.org\/{rel}","templated":true}]}}