{"id":8124,"date":"2026-03-27T06:51:41","date_gmt":"2026-03-27T04:51:41","guid":{"rendered":"https:\/\/eveikals.citro.lv\/ventspils\/veikals\/cipsi-adazu-virpuli-100g\/"},"modified":"2026-03-27T06:51:46","modified_gmt":"2026-03-27T04:51:46","slug":"cipsi-adazu-virpuli-100g","status":"publish","type":"product","link":"https:\/\/ventspils.citro.lv\/ru\/veikals\/cipsi-adazu-virpuli-100g\/","title":{"rendered":"\u010cipsi \u0100da\u017eu virpu\u013ci 100g"},"content":{"rendered":"","protected":false},"excerpt":{"rendered":"<p>15.50 \u20ac\/kg<\/p>\n","protected":false},"featured_media":1235686,"template":"","meta":{"_acf_changed":false,"inline_featured_image":false},"product_cat":[125,191],"product_tag":[],"acf":[],"aioseo_notices":[],"_links":{"self":[{"href":"https:\/\/ventspils.citro.lv\/ru\/wp-json\/wp\/v2\/product\/8124"}],"collection":[{"href":"https:\/\/ventspils.citro.lv\/ru\/wp-json\/wp\/v2\/product"}],"about":[{"href":"https:\/\/ventspils.citro.lv\/ru\/wp-json\/wp\/v2\/types\/product"}],"wp:featuredmedia":[{"embeddable":true,"href":"https:\/\/ventspils.citro.lv\/ru\/wp-json\/wp\/v2\/media\/1235686"}],"wp:attachment":[{"href":"https:\/\/ventspils.citro.lv\/ru\/wp-json\/wp\/v2\/media?parent=8124"}],"wp:term":[{"taxonomy":"product_cat","embeddable":true,"href":"https:\/\/ventspils.citro.lv\/ru\/wp-json\/wp\/v2\/product_cat?post=8124"},{"taxonomy":"product_tag","embeddable":true,"href":"https:\/\/ventspils.citro.lv\/ru\/wp-json\/wp\/v2\/product_tag?post=8124"}],"curies":[{"name":"wp","href":"https:\/\/api.w.org\/{rel}","templated":true}]}}