{"id":812109,"date":"2026-05-02T01:27:50","date_gmt":"2026-05-01T22:27:50","guid":{"rendered":"https:\/\/ventspils.citro.lv\/veikals\/dzeriens-gazets-tymbark-ar-kolas-un-kirsu-garsu-033l\/"},"modified":"2026-05-02T01:28:00","modified_gmt":"2026-05-01T22:28:00","slug":"dzeriens-gazets-tymbark-ar-kolas-un-kirsu-garsu-033l","status":"publish","type":"product","link":"https:\/\/ventspils.citro.lv\/ru\/veikals\/dzeriens-gazets-tymbark-ar-kolas-un-kirsu-garsu-033l\/","title":{"rendered":"Dz\u0113riens g\u0101z\u0113ts Tymbark ar kolas un \u0137ir\u0161u gar\u0161u 0,33l"},"content":{"rendered":"","protected":false},"excerpt":{"rendered":"<p>3.00 \u20ac\/l<\/p>\n","protected":false},"featured_media":1255603,"template":"","meta":{"_acf_changed":false,"inline_featured_image":false},"product_cat":[106,107],"product_tag":[],"acf":[],"aioseo_notices":[],"_links":{"self":[{"href":"https:\/\/ventspils.citro.lv\/ru\/wp-json\/wp\/v2\/product\/812109"}],"collection":[{"href":"https:\/\/ventspils.citro.lv\/ru\/wp-json\/wp\/v2\/product"}],"about":[{"href":"https:\/\/ventspils.citro.lv\/ru\/wp-json\/wp\/v2\/types\/product"}],"wp:featuredmedia":[{"embeddable":true,"href":"https:\/\/ventspils.citro.lv\/ru\/wp-json\/wp\/v2\/media\/1255603"}],"wp:attachment":[{"href":"https:\/\/ventspils.citro.lv\/ru\/wp-json\/wp\/v2\/media?parent=812109"}],"wp:term":[{"taxonomy":"product_cat","embeddable":true,"href":"https:\/\/ventspils.citro.lv\/ru\/wp-json\/wp\/v2\/product_cat?post=812109"},{"taxonomy":"product_tag","embeddable":true,"href":"https:\/\/ventspils.citro.lv\/ru\/wp-json\/wp\/v2\/product_tag?post=812109"}],"curies":[{"name":"wp","href":"https:\/\/api.w.org\/{rel}","templated":true}]}}