{"id":812046,"date":"2026-05-12T07:48:02","date_gmt":"2026-05-12T04:48:02","guid":{"rendered":"https:\/\/ventspils.citro.lv\/veikals\/kafija-skistosa-jacob-cronat-gold-150g\/"},"modified":"2026-05-12T07:48:10","modified_gmt":"2026-05-12T04:48:10","slug":"kafija-skistosa-jacobs-cronat-gold-150g","status":"publish","type":"product","link":"https:\/\/ventspils.citro.lv\/ru\/veikals\/kafija-skistosa-jacobs-cronat-gold-150g\/","title":{"rendered":"Kafija \u0161\u0137\u012bsto\u0161a Jacobs Cronat Gold 150g"},"content":{"rendered":"<p>Freeze dried instant coffee<\/p>\n","protected":false},"excerpt":{"rendered":"<p>37.93 \u20ac\/kg<\/p>\n","protected":false},"featured_media":1259751,"template":"","meta":{"_acf_changed":false,"inline_featured_image":false},"product_cat":[538,142],"product_tag":[],"acf":[],"aioseo_notices":[],"_links":{"self":[{"href":"https:\/\/ventspils.citro.lv\/ru\/wp-json\/wp\/v2\/product\/812046"}],"collection":[{"href":"https:\/\/ventspils.citro.lv\/ru\/wp-json\/wp\/v2\/product"}],"about":[{"href":"https:\/\/ventspils.citro.lv\/ru\/wp-json\/wp\/v2\/types\/product"}],"wp:featuredmedia":[{"embeddable":true,"href":"https:\/\/ventspils.citro.lv\/ru\/wp-json\/wp\/v2\/media\/1259751"}],"wp:attachment":[{"href":"https:\/\/ventspils.citro.lv\/ru\/wp-json\/wp\/v2\/media?parent=812046"}],"wp:term":[{"taxonomy":"product_cat","embeddable":true,"href":"https:\/\/ventspils.citro.lv\/ru\/wp-json\/wp\/v2\/product_cat?post=812046"},{"taxonomy":"product_tag","embeddable":true,"href":"https:\/\/ventspils.citro.lv\/ru\/wp-json\/wp\/v2\/product_tag?post=812046"}],"curies":[{"name":"wp","href":"https:\/\/api.w.org\/{rel}","templated":true}]}}