{"id":8116,"date":"2026-04-24T06:18:46","date_gmt":"2026-04-24T03:18:46","guid":{"rendered":"https:\/\/eveikals.citro.lv\/ventspils\/veikals\/konf-karba-geisha-tumsa-150g\/"},"modified":"2026-04-24T06:18:57","modified_gmt":"2026-04-24T03:18:57","slug":"konf-karba-geisha-tumsa-150g","status":"publish","type":"product","link":"https:\/\/ventspils.citro.lv\/ru\/veikals\/konf-karba-geisha-tumsa-150g\/","title":{"rendered":"Konf.k\u0101rba Geisha tum\u0161\u0101 150g"},"content":{"rendered":"","protected":false},"excerpt":{"rendered":"<p>23.67 \u20ac\/kg<\/p>\n","protected":false},"featured_media":1251990,"template":"","meta":{"_acf_changed":false,"inline_featured_image":false},"product_cat":[125,200],"product_tag":[],"acf":[],"aioseo_notices":[],"_links":{"self":[{"href":"https:\/\/ventspils.citro.lv\/ru\/wp-json\/wp\/v2\/product\/8116"}],"collection":[{"href":"https:\/\/ventspils.citro.lv\/ru\/wp-json\/wp\/v2\/product"}],"about":[{"href":"https:\/\/ventspils.citro.lv\/ru\/wp-json\/wp\/v2\/types\/product"}],"wp:featuredmedia":[{"embeddable":true,"href":"https:\/\/ventspils.citro.lv\/ru\/wp-json\/wp\/v2\/media\/1251990"}],"wp:attachment":[{"href":"https:\/\/ventspils.citro.lv\/ru\/wp-json\/wp\/v2\/media?parent=8116"}],"wp:term":[{"taxonomy":"product_cat","embeddable":true,"href":"https:\/\/ventspils.citro.lv\/ru\/wp-json\/wp\/v2\/product_cat?post=8116"},{"taxonomy":"product_tag","embeddable":true,"href":"https:\/\/ventspils.citro.lv\/ru\/wp-json\/wp\/v2\/product_tag?post=8116"}],"curies":[{"name":"wp","href":"https:\/\/api.w.org\/{rel}","templated":true}]}}