{"id":811512,"date":"2026-04-24T05:36:14","date_gmt":"2026-04-24T02:36:14","guid":{"rendered":"https:\/\/ventspils.citro.lv\/veikals\/cukgala-kupinata-ed-garsigi-fas\/"},"modified":"2026-04-24T10:06:42","modified_gmt":"2026-04-24T07:06:42","slug":"cukgala-kupinata-ed-garsigi-fas","status":"publish","type":"product","link":"https:\/\/ventspils.citro.lv\/ru\/veikals\/cukgala-kupinata-ed-garsigi-fas\/","title":{"rendered":"C\u016bkga\u013ca k\u016bpin\u0101ta \u0112d gar\u0161\u012bgi fas."},"content":{"rendered":"","protected":false},"excerpt":{"rendered":"<p>7.99 \u20ac\/kg<\/p>\n","protected":false},"featured_media":1251795,"template":"","meta":{"_acf_changed":false,"inline_featured_image":false},"product_cat":[135,174],"product_tag":[],"acf":[],"aioseo_notices":[],"_links":{"self":[{"href":"https:\/\/ventspils.citro.lv\/ru\/wp-json\/wp\/v2\/product\/811512"}],"collection":[{"href":"https:\/\/ventspils.citro.lv\/ru\/wp-json\/wp\/v2\/product"}],"about":[{"href":"https:\/\/ventspils.citro.lv\/ru\/wp-json\/wp\/v2\/types\/product"}],"wp:featuredmedia":[{"embeddable":true,"href":"https:\/\/ventspils.citro.lv\/ru\/wp-json\/wp\/v2\/media\/1251795"}],"wp:attachment":[{"href":"https:\/\/ventspils.citro.lv\/ru\/wp-json\/wp\/v2\/media?parent=811512"}],"wp:term":[{"taxonomy":"product_cat","embeddable":true,"href":"https:\/\/ventspils.citro.lv\/ru\/wp-json\/wp\/v2\/product_cat?post=811512"},{"taxonomy":"product_tag","embeddable":true,"href":"https:\/\/ventspils.citro.lv\/ru\/wp-json\/wp\/v2\/product_tag?post=811512"}],"curies":[{"name":"wp","href":"https:\/\/api.w.org\/{rel}","templated":true}]}}