{"id":8113,"date":"2026-04-10T05:09:02","date_gmt":"2026-04-10T02:09:02","guid":{"rendered":"https:\/\/eveikals.citro.lv\/ventspils\/veikals\/maize-select-melna-ar-saulespuku-seklam-280g\/"},"modified":"2026-04-10T05:09:12","modified_gmt":"2026-04-10T02:09:12","slug":"maize-select-melna-ar-saulespuku-seklam-280g","status":"publish","type":"product","link":"https:\/\/ventspils.citro.lv\/ru\/veikals\/maize-select-melna-ar-saulespuku-seklam-280g\/","title":{"rendered":"Maize Select meln\u0101 ar saulespu\u0137u s\u0113kl\u0101m 280g"},"content":{"rendered":"","protected":false},"excerpt":{"rendered":"<p>4.82 \u20ac\/kg<\/p>\n","protected":false},"featured_media":1243017,"template":"","meta":{"_acf_changed":false,"inline_featured_image":false},"product_cat":[542,215],"product_tag":[],"acf":[],"aioseo_notices":[],"_links":{"self":[{"href":"https:\/\/ventspils.citro.lv\/ru\/wp-json\/wp\/v2\/product\/8113"}],"collection":[{"href":"https:\/\/ventspils.citro.lv\/ru\/wp-json\/wp\/v2\/product"}],"about":[{"href":"https:\/\/ventspils.citro.lv\/ru\/wp-json\/wp\/v2\/types\/product"}],"wp:featuredmedia":[{"embeddable":true,"href":"https:\/\/ventspils.citro.lv\/ru\/wp-json\/wp\/v2\/media\/1243017"}],"wp:attachment":[{"href":"https:\/\/ventspils.citro.lv\/ru\/wp-json\/wp\/v2\/media?parent=8113"}],"wp:term":[{"taxonomy":"product_cat","embeddable":true,"href":"https:\/\/ventspils.citro.lv\/ru\/wp-json\/wp\/v2\/product_cat?post=8113"},{"taxonomy":"product_tag","embeddable":true,"href":"https:\/\/ventspils.citro.lv\/ru\/wp-json\/wp\/v2\/product_tag?post=8113"}],"curies":[{"name":"wp","href":"https:\/\/api.w.org\/{rel}","templated":true}]}}