{"id":8078,"date":"2026-04-14T01:54:17","date_gmt":"2026-04-13T22:54:17","guid":{"rendered":"https:\/\/eveikals.citro.lv\/ventspils\/veikals\/konfekte-koslajama-mentos-auglu-38g\/"},"modified":"2026-04-14T01:54:21","modified_gmt":"2026-04-13T22:54:21","slug":"konfekte-koslajama-mentos-fruit-38g","status":"publish","type":"product","link":"https:\/\/ventspils.citro.lv\/ru\/veikals\/konfekte-koslajama-mentos-fruit-38g\/","title":{"rendered":"Konfekte ko\u0161\u013c\u0101jam\u0101 Mentos Fruit 38g"},"content":{"rendered":"<p>cukurs, glikozes s\u012brups, aug\u013cu sulas (zeme\u0146u, apels\u012bnu, citronu) (2%), piln\u012bgi hidrogen\u0113ta kokosriekstu e\u013c\u013ca, sk\u0101be (citronsk\u0101be), ciete, aromatiz\u0113t\u0101ji, maltodekstr\u012bns, biezin\u0101t\u0101ji (\u017eelena sve\u0137i, celulozes sve\u0137i, ak\u0101cijas sve\u0137i), emulgators (tauksk\u0101bju saharozes esteri), glaz\u0113t\u0101jvielas (karnaubvasks, bi\u0161u vasks), kr\u0101svielas (beta-karot\u012bns, bie\u0161u sarkanais).<\/p>\n","protected":false},"excerpt":{"rendered":"<p>25.53 \u20ac\/kg<\/p>\n","protected":false},"featured_media":1245028,"template":"","meta":{"_acf_changed":false,"inline_featured_image":false},"product_cat":[533,125],"product_tag":[],"acf":[],"aioseo_notices":[],"_links":{"self":[{"href":"https:\/\/ventspils.citro.lv\/ru\/wp-json\/wp\/v2\/product\/8078"}],"collection":[{"href":"https:\/\/ventspils.citro.lv\/ru\/wp-json\/wp\/v2\/product"}],"about":[{"href":"https:\/\/ventspils.citro.lv\/ru\/wp-json\/wp\/v2\/types\/product"}],"wp:featuredmedia":[{"embeddable":true,"href":"https:\/\/ventspils.citro.lv\/ru\/wp-json\/wp\/v2\/media\/1245028"}],"wp:attachment":[{"href":"https:\/\/ventspils.citro.lv\/ru\/wp-json\/wp\/v2\/media?parent=8078"}],"wp:term":[{"taxonomy":"product_cat","embeddable":true,"href":"https:\/\/ventspils.citro.lv\/ru\/wp-json\/wp\/v2\/product_cat?post=8078"},{"taxonomy":"product_tag","embeddable":true,"href":"https:\/\/ventspils.citro.lv\/ru\/wp-json\/wp\/v2\/product_tag?post=8078"}],"curies":[{"name":"wp","href":"https:\/\/api.w.org\/{rel}","templated":true}]}}