{"id":8076,"date":"2026-04-24T04:09:16","date_gmt":"2026-04-24T01:09:16","guid":{"rendered":"https:\/\/eveikals.citro.lv\/ventspils\/veikals\/merce-tomatu-sasliku-spilva-530g\/"},"modified":"2026-04-26T12:20:24","modified_gmt":"2026-04-26T09:20:24","slug":"merce-tomatu-sasliku-spilva-530g","status":"publish","type":"product","link":"https:\/\/ventspils.citro.lv\/ru\/veikals\/merce-tomatu-sasliku-spilva-530g\/","title":{"rendered":"M\u0113rce tom\u0101tu \u0161a\u0161liku Spilva 530g"},"content":{"rendered":"","protected":false},"excerpt":{"rendered":"<p>2.81 \u20ac\/kg<\/p>\n","protected":false},"featured_media":1251448,"template":"","meta":{"_acf_changed":false,"inline_featured_image":false},"product_cat":[116,148],"product_tag":[],"acf":[],"aioseo_notices":[],"_links":{"self":[{"href":"https:\/\/ventspils.citro.lv\/ru\/wp-json\/wp\/v2\/product\/8076"}],"collection":[{"href":"https:\/\/ventspils.citro.lv\/ru\/wp-json\/wp\/v2\/product"}],"about":[{"href":"https:\/\/ventspils.citro.lv\/ru\/wp-json\/wp\/v2\/types\/product"}],"wp:featuredmedia":[{"embeddable":true,"href":"https:\/\/ventspils.citro.lv\/ru\/wp-json\/wp\/v2\/media\/1251448"}],"wp:attachment":[{"href":"https:\/\/ventspils.citro.lv\/ru\/wp-json\/wp\/v2\/media?parent=8076"}],"wp:term":[{"taxonomy":"product_cat","embeddable":true,"href":"https:\/\/ventspils.citro.lv\/ru\/wp-json\/wp\/v2\/product_cat?post=8076"},{"taxonomy":"product_tag","embeddable":true,"href":"https:\/\/ventspils.citro.lv\/ru\/wp-json\/wp\/v2\/product_tag?post=8076"}],"curies":[{"name":"wp","href":"https:\/\/api.w.org\/{rel}","templated":true}]}}