{"id":8075,"date":"2026-03-13T02:33:14","date_gmt":"2026-03-13T00:33:14","guid":{"rendered":"https:\/\/eveikals.citro.lv\/ventspils\/veikals\/merce-tomatu-salda-spilva-510ml\/"},"modified":"2026-03-13T02:33:25","modified_gmt":"2026-03-13T00:33:25","slug":"merce-tomatu-salda-spilva-510ml","status":"publish","type":"product","link":"https:\/\/ventspils.citro.lv\/ru\/veikals\/merce-tomatu-salda-spilva-510ml\/","title":{"rendered":"M\u0113rce tom\u0101tu sald\u0101 Spilva 510ml"},"content":{"rendered":"","protected":false},"excerpt":{"rendered":"<p>4.41 \u20ac\/l<\/p>\n","protected":false},"featured_media":1224768,"template":"","meta":{"_acf_changed":false,"inline_featured_image":false},"product_cat":[116,148],"product_tag":[],"acf":[],"aioseo_notices":[],"_links":{"self":[{"href":"https:\/\/ventspils.citro.lv\/ru\/wp-json\/wp\/v2\/product\/8075"}],"collection":[{"href":"https:\/\/ventspils.citro.lv\/ru\/wp-json\/wp\/v2\/product"}],"about":[{"href":"https:\/\/ventspils.citro.lv\/ru\/wp-json\/wp\/v2\/types\/product"}],"wp:featuredmedia":[{"embeddable":true,"href":"https:\/\/ventspils.citro.lv\/ru\/wp-json\/wp\/v2\/media\/1224768"}],"wp:attachment":[{"href":"https:\/\/ventspils.citro.lv\/ru\/wp-json\/wp\/v2\/media?parent=8075"}],"wp:term":[{"taxonomy":"product_cat","embeddable":true,"href":"https:\/\/ventspils.citro.lv\/ru\/wp-json\/wp\/v2\/product_cat?post=8075"},{"taxonomy":"product_tag","embeddable":true,"href":"https:\/\/ventspils.citro.lv\/ru\/wp-json\/wp\/v2\/product_tag?post=8075"}],"curies":[{"name":"wp","href":"https:\/\/api.w.org\/{rel}","templated":true}]}}