{"id":8065,"date":"2026-04-02T02:15:37","date_gmt":"2026-04-01T23:15:37","guid":{"rendered":"https:\/\/eveikals.citro.lv\/ventspils\/veikals\/grauzdini-zupam-un-salatiem-citro-150g\/"},"modified":"2026-04-02T02:15:42","modified_gmt":"2026-04-01T23:15:42","slug":"grauzdini-zupam-un-salatiem-citro-150g","status":"publish","type":"product","link":"https:\/\/ventspils.citro.lv\/ru\/veikals\/grauzdini-zupam-un-salatiem-citro-150g\/","title":{"rendered":"Grauzdi\u0146i zup\u0101m un sal\u0101tiem Citro 150g"},"content":{"rendered":"<p>Sast\u0101v\u0101: KVIE\u0160U formas maize 88%(milti KVIE\u0160U1\u0161\u0137 62.5%, \u016bdens dzeramais.cukurs,rap\u0161u e\u013c\u013ca,s\u0101ls,pres\u0113tais raugs,uzlabot\u0101js(RUDZU milti,fermenti(amil\u0101ze,maltog\u0113na amil\u0101ze,ksilan\u0101ze,lip\u0101ze,amiloglikozid\u0101ze,prote\u0101ze),KVIE\u0160I),miltu apstr\u0101des l\u012bdzeklis E300)) augu e\u013c\u013ca,\u0137iploki,baziliks,s\u0101ls.    Uzglab\u0101t iztabas temp. Ra\u017eot\u0101s Sia Bistro<\/p>\n","protected":false},"excerpt":{"rendered":"<p>8.60 \u20ac\/kg<\/p>\n","protected":false},"featured_media":1239158,"template":"","meta":{"_acf_changed":false,"inline_featured_image":false},"product_cat":[215,218],"product_tag":[],"acf":[],"aioseo_notices":[],"_links":{"self":[{"href":"https:\/\/ventspils.citro.lv\/ru\/wp-json\/wp\/v2\/product\/8065"}],"collection":[{"href":"https:\/\/ventspils.citro.lv\/ru\/wp-json\/wp\/v2\/product"}],"about":[{"href":"https:\/\/ventspils.citro.lv\/ru\/wp-json\/wp\/v2\/types\/product"}],"wp:featuredmedia":[{"embeddable":true,"href":"https:\/\/ventspils.citro.lv\/ru\/wp-json\/wp\/v2\/media\/1239158"}],"wp:attachment":[{"href":"https:\/\/ventspils.citro.lv\/ru\/wp-json\/wp\/v2\/media?parent=8065"}],"wp:term":[{"taxonomy":"product_cat","embeddable":true,"href":"https:\/\/ventspils.citro.lv\/ru\/wp-json\/wp\/v2\/product_cat?post=8065"},{"taxonomy":"product_tag","embeddable":true,"href":"https:\/\/ventspils.citro.lv\/ru\/wp-json\/wp\/v2\/product_tag?post=8065"}],"curies":[{"name":"wp","href":"https:\/\/api.w.org\/{rel}","templated":true}]}}