{"id":8061,"date":"2026-04-29T01:15:02","date_gmt":"2026-04-28T22:15:02","guid":{"rendered":"https:\/\/eveikals.citro.lv\/ventspils\/veikals\/silku-fileja-latviesu-gaume-210g\/"},"modified":"2026-04-29T01:15:19","modified_gmt":"2026-04-28T22:15:19","slug":"silku-fileja-latviesu-gaume-210g","status":"publish","type":"product","link":"https:\/\/ventspils.citro.lv\/ru\/veikals\/silku-fileja-latviesu-gaume-210g\/","title":{"rendered":"Si\u013c\u0137u fileja Latvie\u0161u gaum\u0113 210g"},"content":{"rendered":"","protected":false},"excerpt":{"rendered":"<p>8.05 \u20ac\/kg<\/p>\n","protected":false},"featured_media":1254773,"template":"","meta":{"_acf_changed":false,"inline_featured_image":false},"product_cat":[545,135],"product_tag":[],"acf":[],"aioseo_notices":[],"_links":{"self":[{"href":"https:\/\/ventspils.citro.lv\/ru\/wp-json\/wp\/v2\/product\/8061"}],"collection":[{"href":"https:\/\/ventspils.citro.lv\/ru\/wp-json\/wp\/v2\/product"}],"about":[{"href":"https:\/\/ventspils.citro.lv\/ru\/wp-json\/wp\/v2\/types\/product"}],"wp:featuredmedia":[{"embeddable":true,"href":"https:\/\/ventspils.citro.lv\/ru\/wp-json\/wp\/v2\/media\/1254773"}],"wp:attachment":[{"href":"https:\/\/ventspils.citro.lv\/ru\/wp-json\/wp\/v2\/media?parent=8061"}],"wp:term":[{"taxonomy":"product_cat","embeddable":true,"href":"https:\/\/ventspils.citro.lv\/ru\/wp-json\/wp\/v2\/product_cat?post=8061"},{"taxonomy":"product_tag","embeddable":true,"href":"https:\/\/ventspils.citro.lv\/ru\/wp-json\/wp\/v2\/product_tag?post=8061"}],"curies":[{"name":"wp","href":"https:\/\/api.w.org\/{rel}","templated":true}]}}