{"id":8058,"date":"2026-05-03T01:12:52","date_gmt":"2026-05-02T22:12:52","guid":{"rendered":"https:\/\/eveikals.citro.lv\/ventspils\/veikals\/lasa-salmini-zaveti-vitinati-100g\/"},"modified":"2026-05-03T01:12:58","modified_gmt":"2026-05-02T22:12:58","slug":"lasa-salmini-zaveti-vitinati-100g","status":"publish","type":"product","link":"https:\/\/ventspils.citro.lv\/ru\/veikals\/lasa-salmini-zaveti-vitinati-100g\/","title":{"rendered":"La\u0161a salmi\u0146i \u017e\u0101v\u0113ti v\u012btin\u0101ti 100g"},"content":{"rendered":"","protected":false},"excerpt":{"rendered":"<p>28.50 \u20ac\/kg<\/p>\n","protected":false},"featured_media":1255710,"template":"","meta":{"_acf_changed":false,"inline_featured_image":false},"product_cat":[550,135],"product_tag":[],"acf":[],"aioseo_notices":[],"_links":{"self":[{"href":"https:\/\/ventspils.citro.lv\/ru\/wp-json\/wp\/v2\/product\/8058"}],"collection":[{"href":"https:\/\/ventspils.citro.lv\/ru\/wp-json\/wp\/v2\/product"}],"about":[{"href":"https:\/\/ventspils.citro.lv\/ru\/wp-json\/wp\/v2\/types\/product"}],"wp:featuredmedia":[{"embeddable":true,"href":"https:\/\/ventspils.citro.lv\/ru\/wp-json\/wp\/v2\/media\/1255710"}],"wp:attachment":[{"href":"https:\/\/ventspils.citro.lv\/ru\/wp-json\/wp\/v2\/media?parent=8058"}],"wp:term":[{"taxonomy":"product_cat","embeddable":true,"href":"https:\/\/ventspils.citro.lv\/ru\/wp-json\/wp\/v2\/product_cat?post=8058"},{"taxonomy":"product_tag","embeddable":true,"href":"https:\/\/ventspils.citro.lv\/ru\/wp-json\/wp\/v2\/product_tag?post=8058"}],"curies":[{"name":"wp","href":"https:\/\/api.w.org\/{rel}","templated":true}]}}