{"id":804,"date":"2026-04-24T07:42:03","date_gmt":"2026-04-24T04:42:03","guid":{"rendered":"http:\/\/cvent.dev.wmc.lv\/ventspils\/veikals\/konservi-makrele-tomatu-merce-eo-240g\/"},"modified":"2026-04-29T16:42:48","modified_gmt":"2026-04-29T13:42:48","slug":"makrele-tomatu-merce-240g-144g","status":"publish","type":"product","link":"https:\/\/ventspils.citro.lv\/ru\/veikals\/makrele-tomatu-merce-240g-144g\/","title":{"rendered":"Makrele tom\u0101tu m\u0113rc\u0113 240g\/144g"},"content":{"rendered":"","protected":false},"excerpt":{"rendered":"<p>11.74 \u20ac\/kg<\/p>\n","protected":false},"featured_media":1252359,"template":"","meta":{"_acf_changed":false,"inline_featured_image":false},"product_cat":[540,135],"product_tag":[],"acf":[],"aioseo_notices":[],"_links":{"self":[{"href":"https:\/\/ventspils.citro.lv\/ru\/wp-json\/wp\/v2\/product\/804"}],"collection":[{"href":"https:\/\/ventspils.citro.lv\/ru\/wp-json\/wp\/v2\/product"}],"about":[{"href":"https:\/\/ventspils.citro.lv\/ru\/wp-json\/wp\/v2\/types\/product"}],"wp:featuredmedia":[{"embeddable":true,"href":"https:\/\/ventspils.citro.lv\/ru\/wp-json\/wp\/v2\/media\/1252359"}],"wp:attachment":[{"href":"https:\/\/ventspils.citro.lv\/ru\/wp-json\/wp\/v2\/media?parent=804"}],"wp:term":[{"taxonomy":"product_cat","embeddable":true,"href":"https:\/\/ventspils.citro.lv\/ru\/wp-json\/wp\/v2\/product_cat?post=804"},{"taxonomy":"product_tag","embeddable":true,"href":"https:\/\/ventspils.citro.lv\/ru\/wp-json\/wp\/v2\/product_tag?post=804"}],"curies":[{"name":"wp","href":"https:\/\/api.w.org\/{rel}","templated":true}]}}