{"id":8038,"date":"2026-04-28T03:09:29","date_gmt":"2026-04-28T00:09:29","guid":{"rendered":"https:\/\/eveikals.citro.lv\/ventspils\/veikals\/desa-a-k-klasiska-skelites-rezekne-80g\/"},"modified":"2026-05-04T13:13:46","modified_gmt":"2026-05-04T10:13:46","slug":"desa-a-k-klasiska-skelites-rezekne-80g","status":"publish","type":"product","link":"https:\/\/ventspils.citro.lv\/ru\/veikals\/desa-a-k-klasiska-skelites-rezekne-80g\/","title":{"rendered":"Desa a\/k klasisk\u0101 \u0161\u0137\u0113l\u012bt\u0113s R\u0113zekne 80g"},"content":{"rendered":"","protected":false},"excerpt":{"rendered":"<p>23.63 \u20ac\/kg<\/p>\n","protected":false},"featured_media":1254250,"template":"","meta":{"_acf_changed":false,"inline_featured_image":false},"product_cat":[135,178],"product_tag":[],"acf":[],"aioseo_notices":[],"_links":{"self":[{"href":"https:\/\/ventspils.citro.lv\/ru\/wp-json\/wp\/v2\/product\/8038"}],"collection":[{"href":"https:\/\/ventspils.citro.lv\/ru\/wp-json\/wp\/v2\/product"}],"about":[{"href":"https:\/\/ventspils.citro.lv\/ru\/wp-json\/wp\/v2\/types\/product"}],"wp:featuredmedia":[{"embeddable":true,"href":"https:\/\/ventspils.citro.lv\/ru\/wp-json\/wp\/v2\/media\/1254250"}],"wp:attachment":[{"href":"https:\/\/ventspils.citro.lv\/ru\/wp-json\/wp\/v2\/media?parent=8038"}],"wp:term":[{"taxonomy":"product_cat","embeddable":true,"href":"https:\/\/ventspils.citro.lv\/ru\/wp-json\/wp\/v2\/product_cat?post=8038"},{"taxonomy":"product_tag","embeddable":true,"href":"https:\/\/ventspils.citro.lv\/ru\/wp-json\/wp\/v2\/product_tag?post=8038"}],"curies":[{"name":"wp","href":"https:\/\/api.w.org\/{rel}","templated":true}]}}