{"id":8020,"date":"2026-04-24T06:36:25","date_gmt":"2026-04-24T03:36:25","guid":{"rendered":"https:\/\/eveikals.citro.lv\/ventspils\/veikals\/cisini-varitie-doktora-mini-kvalitates-standarts-500g\/"},"modified":"2026-04-24T06:36:30","modified_gmt":"2026-04-24T03:36:30","slug":"cisini-varitie-doktora-mini-kvalitates-standarts-500g","status":"publish","type":"product","link":"https:\/\/ventspils.citro.lv\/ru\/veikals\/cisini-varitie-doktora-mini-kvalitates-standarts-500g\/","title":{"rendered":"C\u012bsi\u0146i v\u0101r\u012btie Doktora Mini Kvalit\u0101tes standarts 500g"},"content":{"rendered":"","protected":false},"excerpt":{"rendered":"<p>7.78 \u20ac\/kg<\/p>\n","protected":false},"featured_media":1252066,"template":"","meta":{"_acf_changed":false,"inline_featured_image":false},"product_cat":[135,192],"product_tag":[],"acf":[],"aioseo_notices":[],"_links":{"self":[{"href":"https:\/\/ventspils.citro.lv\/ru\/wp-json\/wp\/v2\/product\/8020"}],"collection":[{"href":"https:\/\/ventspils.citro.lv\/ru\/wp-json\/wp\/v2\/product"}],"about":[{"href":"https:\/\/ventspils.citro.lv\/ru\/wp-json\/wp\/v2\/types\/product"}],"wp:featuredmedia":[{"embeddable":true,"href":"https:\/\/ventspils.citro.lv\/ru\/wp-json\/wp\/v2\/media\/1252066"}],"wp:attachment":[{"href":"https:\/\/ventspils.citro.lv\/ru\/wp-json\/wp\/v2\/media?parent=8020"}],"wp:term":[{"taxonomy":"product_cat","embeddable":true,"href":"https:\/\/ventspils.citro.lv\/ru\/wp-json\/wp\/v2\/product_cat?post=8020"},{"taxonomy":"product_tag","embeddable":true,"href":"https:\/\/ventspils.citro.lv\/ru\/wp-json\/wp\/v2\/product_tag?post=8020"}],"curies":[{"name":"wp","href":"https:\/\/api.w.org\/{rel}","templated":true}]}}