{"id":801724,"date":"2026-02-13T08:54:03","date_gmt":"2026-02-13T06:54:03","guid":{"rendered":"https:\/\/ventspils.citro.lv\/veikals\/vafelu-torte-vecmaminas-legendarais-90g\/"},"modified":"2026-04-10T13:54:34","modified_gmt":"2026-04-10T10:54:34","slug":"vafelu-torte-vecmaminas-legendarais-90g","status":"publish","type":"product","link":"https:\/\/ventspils.citro.lv\/ru\/veikals\/vafelu-torte-vecmaminas-legendarais-90g\/","title":{"rendered":"Vafe\u013cu torte Vecm\u0101mi\u0146as le\u0123end\u0101rais 90g"},"content":{"rendered":"","protected":false},"excerpt":{"rendered":"<p>13.22 \u20ac\/kg<\/p>\n","protected":false},"featured_media":1209147,"template":"","meta":{"_acf_changed":false,"inline_featured_image":false},"product_cat":[125,209],"product_tag":[],"acf":[],"aioseo_notices":[],"_links":{"self":[{"href":"https:\/\/ventspils.citro.lv\/ru\/wp-json\/wp\/v2\/product\/801724"}],"collection":[{"href":"https:\/\/ventspils.citro.lv\/ru\/wp-json\/wp\/v2\/product"}],"about":[{"href":"https:\/\/ventspils.citro.lv\/ru\/wp-json\/wp\/v2\/types\/product"}],"wp:featuredmedia":[{"embeddable":true,"href":"https:\/\/ventspils.citro.lv\/ru\/wp-json\/wp\/v2\/media\/1209147"}],"wp:attachment":[{"href":"https:\/\/ventspils.citro.lv\/ru\/wp-json\/wp\/v2\/media?parent=801724"}],"wp:term":[{"taxonomy":"product_cat","embeddable":true,"href":"https:\/\/ventspils.citro.lv\/ru\/wp-json\/wp\/v2\/product_cat?post=801724"},{"taxonomy":"product_tag","embeddable":true,"href":"https:\/\/ventspils.citro.lv\/ru\/wp-json\/wp\/v2\/product_tag?post=801724"}],"curies":[{"name":"wp","href":"https:\/\/api.w.org\/{rel}","templated":true}]}}