{"id":8017,"date":"2026-02-18T02:03:25","date_gmt":"2026-02-18T00:03:25","guid":{"rendered":"https:\/\/eveikals.citro.lv\/ventspils\/veikals\/burtnica-rutinu-12lp\/"},"modified":"2026-02-18T02:03:32","modified_gmt":"2026-02-18T00:03:32","slug":"burtnica-rutinu-12lp-divkrasu","status":"publish","type":"product","link":"https:\/\/ventspils.citro.lv\/ru\/veikals\/burtnica-rutinu-12lp-divkrasu\/","title":{"rendered":"Burtn\u012bca r\u016bti\u0146u 12lp Divkr\u0101su"},"content":{"rendered":"","protected":false},"excerpt":{"rendered":"<p>0.39 \u20ac\/gb<\/p>\n","protected":false},"featured_media":1210868,"template":"","meta":{"_acf_changed":false,"inline_featured_image":false},"product_cat":[131,198],"product_tag":[],"acf":[],"aioseo_notices":[],"_links":{"self":[{"href":"https:\/\/ventspils.citro.lv\/ru\/wp-json\/wp\/v2\/product\/8017"}],"collection":[{"href":"https:\/\/ventspils.citro.lv\/ru\/wp-json\/wp\/v2\/product"}],"about":[{"href":"https:\/\/ventspils.citro.lv\/ru\/wp-json\/wp\/v2\/types\/product"}],"wp:featuredmedia":[{"embeddable":true,"href":"https:\/\/ventspils.citro.lv\/ru\/wp-json\/wp\/v2\/media\/1210868"}],"wp:attachment":[{"href":"https:\/\/ventspils.citro.lv\/ru\/wp-json\/wp\/v2\/media?parent=8017"}],"wp:term":[{"taxonomy":"product_cat","embeddable":true,"href":"https:\/\/ventspils.citro.lv\/ru\/wp-json\/wp\/v2\/product_cat?post=8017"},{"taxonomy":"product_tag","embeddable":true,"href":"https:\/\/ventspils.citro.lv\/ru\/wp-json\/wp\/v2\/product_tag?post=8017"}],"curies":[{"name":"wp","href":"https:\/\/api.w.org\/{rel}","templated":true}]}}