{"id":8009,"date":"2026-04-30T02:06:14","date_gmt":"2026-04-29T23:06:14","guid":{"rendered":"https:\/\/eveikals.citro.lv\/ventspils\/veikals\/siers-kupinats-siera-salmini-100g\/"},"modified":"2026-04-30T02:06:20","modified_gmt":"2026-04-29T23:06:20","slug":"siers-kupinats-siera-salmini-100g","status":"publish","type":"product","link":"https:\/\/ventspils.citro.lv\/ru\/veikals\/siers-kupinats-siera-salmini-100g\/","title":{"rendered":"Siers k\u016bpin\u0101ts Siera Salmi\u0146i 100g"},"content":{"rendered":"","protected":false},"excerpt":{"rendered":"<p>30.90 \u20ac\/kg<\/p>\n","protected":false},"featured_media":1255008,"template":"","meta":{"_acf_changed":false,"inline_featured_image":false},"product_cat":[95,225],"product_tag":[],"acf":[],"aioseo_notices":[],"_links":{"self":[{"href":"https:\/\/ventspils.citro.lv\/ru\/wp-json\/wp\/v2\/product\/8009"}],"collection":[{"href":"https:\/\/ventspils.citro.lv\/ru\/wp-json\/wp\/v2\/product"}],"about":[{"href":"https:\/\/ventspils.citro.lv\/ru\/wp-json\/wp\/v2\/types\/product"}],"wp:featuredmedia":[{"embeddable":true,"href":"https:\/\/ventspils.citro.lv\/ru\/wp-json\/wp\/v2\/media\/1255008"}],"wp:attachment":[{"href":"https:\/\/ventspils.citro.lv\/ru\/wp-json\/wp\/v2\/media?parent=8009"}],"wp:term":[{"taxonomy":"product_cat","embeddable":true,"href":"https:\/\/ventspils.citro.lv\/ru\/wp-json\/wp\/v2\/product_cat?post=8009"},{"taxonomy":"product_tag","embeddable":true,"href":"https:\/\/ventspils.citro.lv\/ru\/wp-json\/wp\/v2\/product_tag?post=8009"}],"curies":[{"name":"wp","href":"https:\/\/api.w.org\/{rel}","templated":true}]}}