{"id":8001,"date":"2026-03-31T02:39:51","date_gmt":"2026-03-30T23:39:51","guid":{"rendered":"https:\/\/eveikals.citro.lv\/ventspils\/veikals\/siers-dzuigas-piquant-18men-180g\/"},"modified":"2026-03-31T02:39:55","modified_gmt":"2026-03-30T23:39:55","slug":"siers-dziugas-piquant-40-18men-180g","status":"publish","type":"product","link":"https:\/\/ventspils.citro.lv\/ru\/veikals\/siers-dziugas-piquant-40-18men-180g\/","title":{"rendered":"Siers D\u017eiugas Piquant 40%  18men. 180g"},"content":{"rendered":"<p>Cietais siers D\u017dIUGAS\u00ae PIQUANT, briedin\u0101ts 18 m\u0113ne\u0161us. 4 sast\u0101vda\u013cas: piens , s\u0101ls, Ieraugs un augu izcelsmes ferments. Sast\u0101v\u0101 nav konservantu un kr\u0101svielu! 100% Dab\u012bgs &#8212; Siera gar\u0161a, k\u0101 ar\u012b kr\u0101sa ir piln\u012bgi dab\u012bga.  BEZ LAKTOZES. PIEM\u0112ROTS VE\u0122ET\u0100RIE\u0160IEM. Ar bag\u0101t\u012bgu, asu gar\u0161u, maigi saj\u016btamu \u017e\u0101v\u0113tu aug\u013cu gar\u0161u. Smalku krauk\u0161\u0137\u012bgumu dod atsevi\u0161\u0137ie kalcija s\u0101ls krist\u0101li\u0146i, kas liecina, ka s\u0101cies jauns siera nobrieduma posms. Pievienojot medu un pasniedzot ar v\u012bnog\u0101m, ol\u012bv\u0101m, riekstiem, lieliski der\u0113s kop\u0101 ar izv\u0113l\u0113to atspirdzino\u0161o v\u012bnu.  Pievienojiet da\u017e\u0101diem sal\u0101tiem, makaroniem, r\u012bsu \u0113dieniem un pelme\u0146iem, pie\u0161\u0137iriet pikantumu vistas, te\u013ca vai p\u012bles ga\u013cas \u0113dieniem.<\/p>\n","protected":false},"excerpt":{"rendered":"<p>23.28 \u20ac\/kg<\/p>\n","protected":false},"featured_media":1237939,"template":"","meta":{"_acf_changed":false,"inline_featured_image":false},"product_cat":[95,225],"product_tag":[],"acf":[],"aioseo_notices":[],"_links":{"self":[{"href":"https:\/\/ventspils.citro.lv\/ru\/wp-json\/wp\/v2\/product\/8001"}],"collection":[{"href":"https:\/\/ventspils.citro.lv\/ru\/wp-json\/wp\/v2\/product"}],"about":[{"href":"https:\/\/ventspils.citro.lv\/ru\/wp-json\/wp\/v2\/types\/product"}],"wp:featuredmedia":[{"embeddable":true,"href":"https:\/\/ventspils.citro.lv\/ru\/wp-json\/wp\/v2\/media\/1237939"}],"wp:attachment":[{"href":"https:\/\/ventspils.citro.lv\/ru\/wp-json\/wp\/v2\/media?parent=8001"}],"wp:term":[{"taxonomy":"product_cat","embeddable":true,"href":"https:\/\/ventspils.citro.lv\/ru\/wp-json\/wp\/v2\/product_cat?post=8001"},{"taxonomy":"product_tag","embeddable":true,"href":"https:\/\/ventspils.citro.lv\/ru\/wp-json\/wp\/v2\/product_tag?post=8001"}],"curies":[{"name":"wp","href":"https:\/\/api.w.org\/{rel}","templated":true}]}}