{"id":8000,"date":"2026-03-27T06:21:20","date_gmt":"2026-03-27T04:21:20","guid":{"rendered":"https:\/\/eveikals.citro.lv\/ventspils\/veikals\/dumdesa-neparasta-ar-seklinam-300g\/"},"modified":"2026-03-27T06:21:25","modified_gmt":"2026-03-27T04:21:25","slug":"dumdesa-neparasta-ar-seklinam-rm-300g","status":"publish","type":"product","link":"https:\/\/ventspils.citro.lv\/ru\/veikals\/dumdesa-neparasta-ar-seklinam-rm-300g\/","title":{"rendered":"D\u016bmdesa Neparast\u0101 ar s\u0113kli\u0146\u0101m RM 300g"},"content":{"rendered":"","protected":false},"excerpt":{"rendered":"<p>12.97 \u20ac\/kg<\/p>\n","protected":false},"featured_media":1235580,"template":"","meta":{"_acf_changed":false,"inline_featured_image":false},"product_cat":[135,178],"product_tag":[],"acf":[],"aioseo_notices":[],"_links":{"self":[{"href":"https:\/\/ventspils.citro.lv\/ru\/wp-json\/wp\/v2\/product\/8000"}],"collection":[{"href":"https:\/\/ventspils.citro.lv\/ru\/wp-json\/wp\/v2\/product"}],"about":[{"href":"https:\/\/ventspils.citro.lv\/ru\/wp-json\/wp\/v2\/types\/product"}],"wp:featuredmedia":[{"embeddable":true,"href":"https:\/\/ventspils.citro.lv\/ru\/wp-json\/wp\/v2\/media\/1235580"}],"wp:attachment":[{"href":"https:\/\/ventspils.citro.lv\/ru\/wp-json\/wp\/v2\/media?parent=8000"}],"wp:term":[{"taxonomy":"product_cat","embeddable":true,"href":"https:\/\/ventspils.citro.lv\/ru\/wp-json\/wp\/v2\/product_cat?post=8000"},{"taxonomy":"product_tag","embeddable":true,"href":"https:\/\/ventspils.citro.lv\/ru\/wp-json\/wp\/v2\/product_tag?post=8000"}],"curies":[{"name":"wp","href":"https:\/\/api.w.org\/{rel}","templated":true}]}}