{"id":7998,"date":"2026-04-10T05:15:38","date_gmt":"2026-04-10T02:15:38","guid":{"rendered":"https:\/\/eveikals.citro.lv\/ventspils\/veikals\/siers-dzuigas-bronze-26-12men-drupinats-100g\/"},"modified":"2026-04-10T05:15:42","modified_gmt":"2026-04-10T02:15:42","slug":"siers-dziugas-mild-40-kubicini-12men-100g","status":"publish","type":"product","link":"https:\/\/ventspils.citro.lv\/ru\/veikals\/siers-dziugas-mild-40-kubicini-12men-100g\/","title":{"rendered":"Siers D\u017eiugas Mild 40% kubici\u0146i 12men. 100g"},"content":{"rendered":"<p>Cietais siers D\u017dIUGAS\u00ae Mild, briedin\u0101ts 12 m\u0113ne\u0161us. 4 sast\u0101vda\u013cas: piens , s\u0101ls, Ieraugs un augu izcelsmes ferments. Sast\u0101v\u0101 nav konservantu un kr\u0101svielu! 100% Dab\u012bgs &#8212; Siera gar\u0161a, k\u0101 ar\u012b kr\u0101sa ir piln\u012bgi dab\u012bga.  BEZ LAKTOZES. PIEM\u0112ROTS VE\u0122ET\u0100RIE\u0160IEM. Piem\u012bt pat\u012bkami ass arom\u0101ts un viegli pikanta gar\u0161a, maigs, elast\u012bgs. Patiks b\u0113rniem un jaunie\u0161iem. Labi sader ar aug\u013ciem un d\u0101rze\u0146iem; ir piem\u0113rots sviestmaiz\u0113m. Ide\u0101li tiek r\u012bv\u0113ts un piem\u0113rots makaronu \u0113dieniem,  risoto \u0113dieniem.  Maig\u0101s gar\u0161as un arom\u0101ta kombin\u0101cija.<\/p>\n","protected":false},"excerpt":{"rendered":"<p>23.90 \u20ac\/kg<\/p>\n","protected":false},"featured_media":1243053,"template":"","meta":{"_acf_changed":false,"inline_featured_image":false},"product_cat":[95,225],"product_tag":[],"acf":[],"aioseo_notices":[],"_links":{"self":[{"href":"https:\/\/ventspils.citro.lv\/ru\/wp-json\/wp\/v2\/product\/7998"}],"collection":[{"href":"https:\/\/ventspils.citro.lv\/ru\/wp-json\/wp\/v2\/product"}],"about":[{"href":"https:\/\/ventspils.citro.lv\/ru\/wp-json\/wp\/v2\/types\/product"}],"wp:featuredmedia":[{"embeddable":true,"href":"https:\/\/ventspils.citro.lv\/ru\/wp-json\/wp\/v2\/media\/1243053"}],"wp:attachment":[{"href":"https:\/\/ventspils.citro.lv\/ru\/wp-json\/wp\/v2\/media?parent=7998"}],"wp:term":[{"taxonomy":"product_cat","embeddable":true,"href":"https:\/\/ventspils.citro.lv\/ru\/wp-json\/wp\/v2\/product_cat?post=7998"},{"taxonomy":"product_tag","embeddable":true,"href":"https:\/\/ventspils.citro.lv\/ru\/wp-json\/wp\/v2\/product_tag?post=7998"}],"curies":[{"name":"wp","href":"https:\/\/api.w.org\/{rel}","templated":true}]}}