{"id":799,"date":"2026-04-24T05:36:49","date_gmt":"2026-04-24T02:36:49","guid":{"rendered":"http:\/\/cvent.dev.wmc.lv\/ventspils\/veikals\/teja-auglu-ar-avenu-zemenu-garsu-loyd-pyramids-40g\/"},"modified":"2026-04-24T05:36:54","modified_gmt":"2026-04-24T02:36:54","slug":"teja-loyd-pyramids-avenu-un-zemenu-20gb-40g","status":"publish","type":"product","link":"https:\/\/ventspils.citro.lv\/ru\/veikals\/teja-loyd-pyramids-avenu-un-zemenu-20gb-40g\/","title":{"rendered":"T\u0113ja Loyd Pyramids ave\u0146u un zeme\u0146u 20gb 40g"},"content":{"rendered":"","protected":false},"excerpt":{"rendered":"<p>74.75 \u20ac\/kg<\/p>\n","protected":false},"featured_media":1251802,"template":"","meta":{"_acf_changed":false,"inline_featured_image":false},"product_cat":[142,143],"product_tag":[],"acf":[],"aioseo_notices":[],"_links":{"self":[{"href":"https:\/\/ventspils.citro.lv\/ru\/wp-json\/wp\/v2\/product\/799"}],"collection":[{"href":"https:\/\/ventspils.citro.lv\/ru\/wp-json\/wp\/v2\/product"}],"about":[{"href":"https:\/\/ventspils.citro.lv\/ru\/wp-json\/wp\/v2\/types\/product"}],"wp:featuredmedia":[{"embeddable":true,"href":"https:\/\/ventspils.citro.lv\/ru\/wp-json\/wp\/v2\/media\/1251802"}],"wp:attachment":[{"href":"https:\/\/ventspils.citro.lv\/ru\/wp-json\/wp\/v2\/media?parent=799"}],"wp:term":[{"taxonomy":"product_cat","embeddable":true,"href":"https:\/\/ventspils.citro.lv\/ru\/wp-json\/wp\/v2\/product_cat?post=799"},{"taxonomy":"product_tag","embeddable":true,"href":"https:\/\/ventspils.citro.lv\/ru\/wp-json\/wp\/v2\/product_tag?post=799"}],"curies":[{"name":"wp","href":"https:\/\/api.w.org\/{rel}","templated":true}]}}