{"id":7985,"date":"2026-05-06T01:45:27","date_gmt":"2026-05-05T22:45:27","guid":{"rendered":"https:\/\/eveikals.citro.lv\/ventspils\/veikals\/bekons-brokastu-skeles-135g\/"},"modified":"2026-05-06T16:20:50","modified_gmt":"2026-05-06T13:20:50","slug":"bekons-brokastu-skeles-135g","status":"publish","type":"product","link":"https:\/\/ventspils.citro.lv\/ru\/veikals\/bekons-brokastu-skeles-135g\/","title":{"rendered":"Bekons Brokastu \u0161\u0137\u0113l\u0113s 135g"},"content":{"rendered":"","protected":false},"excerpt":{"rendered":"<p>11.04 \u20ac\/kg<\/p>\n","protected":false},"featured_media":1256081,"template":"","meta":{"_acf_changed":false,"inline_featured_image":false},"product_cat":[135,174],"product_tag":[],"acf":[],"aioseo_notices":[],"_links":{"self":[{"href":"https:\/\/ventspils.citro.lv\/ru\/wp-json\/wp\/v2\/product\/7985"}],"collection":[{"href":"https:\/\/ventspils.citro.lv\/ru\/wp-json\/wp\/v2\/product"}],"about":[{"href":"https:\/\/ventspils.citro.lv\/ru\/wp-json\/wp\/v2\/types\/product"}],"wp:featuredmedia":[{"embeddable":true,"href":"https:\/\/ventspils.citro.lv\/ru\/wp-json\/wp\/v2\/media\/1256081"}],"wp:attachment":[{"href":"https:\/\/ventspils.citro.lv\/ru\/wp-json\/wp\/v2\/media?parent=7985"}],"wp:term":[{"taxonomy":"product_cat","embeddable":true,"href":"https:\/\/ventspils.citro.lv\/ru\/wp-json\/wp\/v2\/product_cat?post=7985"},{"taxonomy":"product_tag","embeddable":true,"href":"https:\/\/ventspils.citro.lv\/ru\/wp-json\/wp\/v2\/product_tag?post=7985"}],"curies":[{"name":"wp","href":"https:\/\/api.w.org\/{rel}","templated":true}]}}