{"id":7981,"date":"2026-03-28T01:30:02","date_gmt":"2026-03-27T23:30:02","guid":{"rendered":"https:\/\/eveikals.citro.lv\/ventspils\/veikals\/maize-fazer-dziva-skiedrvielu-250g\/"},"modified":"2026-03-31T00:15:01","modified_gmt":"2026-03-30T21:15:01","slug":"maize-fazer-dziva-skiedrvielu-250g","status":"publish","type":"product","link":"https:\/\/ventspils.citro.lv\/ru\/veikals\/maize-fazer-dziva-skiedrvielu-250g\/","title":{"rendered":"Maize Fazer dz\u012bv\u0101 \u0161\u0137iedrvielu 250g"},"content":{"rendered":"","protected":false},"excerpt":{"rendered":"<p>4.36 \u20ac\/kg<\/p>\n","protected":false},"featured_media":1237229,"template":"","meta":{"_acf_changed":false,"inline_featured_image":false},"product_cat":[542,215],"product_tag":[],"acf":[],"aioseo_notices":[],"_links":{"self":[{"href":"https:\/\/ventspils.citro.lv\/ru\/wp-json\/wp\/v2\/product\/7981"}],"collection":[{"href":"https:\/\/ventspils.citro.lv\/ru\/wp-json\/wp\/v2\/product"}],"about":[{"href":"https:\/\/ventspils.citro.lv\/ru\/wp-json\/wp\/v2\/types\/product"}],"wp:featuredmedia":[{"embeddable":true,"href":"https:\/\/ventspils.citro.lv\/ru\/wp-json\/wp\/v2\/media\/1237229"}],"wp:attachment":[{"href":"https:\/\/ventspils.citro.lv\/ru\/wp-json\/wp\/v2\/media?parent=7981"}],"wp:term":[{"taxonomy":"product_cat","embeddable":true,"href":"https:\/\/ventspils.citro.lv\/ru\/wp-json\/wp\/v2\/product_cat?post=7981"},{"taxonomy":"product_tag","embeddable":true,"href":"https:\/\/ventspils.citro.lv\/ru\/wp-json\/wp\/v2\/product_tag?post=7981"}],"curies":[{"name":"wp","href":"https:\/\/api.w.org\/{rel}","templated":true}]}}