{"id":7980,"date":"2026-03-27T05:21:28","date_gmt":"2026-03-27T03:21:28","guid":{"rendered":"https:\/\/eveikals.citro.lv\/ventspils\/veikals\/cisini-cala-500g\/"},"modified":"2026-04-11T11:03:36","modified_gmt":"2026-04-11T08:03:36","slug":"cisini-cala-rm-500g","status":"publish","type":"product","link":"https:\/\/ventspils.citro.lv\/ru\/veikals\/cisini-cala-rm-500g\/","title":{"rendered":"C\u012bsi\u0146i c\u0101\u013ca RM 500g"},"content":{"rendered":"","protected":false},"excerpt":{"rendered":"<p>3.90 \u20ac\/kg<\/p>\n","protected":false},"featured_media":1235357,"template":"","meta":{"_acf_changed":false,"inline_featured_image":false},"product_cat":[135,192],"product_tag":[],"acf":[],"aioseo_notices":[],"_links":{"self":[{"href":"https:\/\/ventspils.citro.lv\/ru\/wp-json\/wp\/v2\/product\/7980"}],"collection":[{"href":"https:\/\/ventspils.citro.lv\/ru\/wp-json\/wp\/v2\/product"}],"about":[{"href":"https:\/\/ventspils.citro.lv\/ru\/wp-json\/wp\/v2\/types\/product"}],"wp:featuredmedia":[{"embeddable":true,"href":"https:\/\/ventspils.citro.lv\/ru\/wp-json\/wp\/v2\/media\/1235357"}],"wp:attachment":[{"href":"https:\/\/ventspils.citro.lv\/ru\/wp-json\/wp\/v2\/media?parent=7980"}],"wp:term":[{"taxonomy":"product_cat","embeddable":true,"href":"https:\/\/ventspils.citro.lv\/ru\/wp-json\/wp\/v2\/product_cat?post=7980"},{"taxonomy":"product_tag","embeddable":true,"href":"https:\/\/ventspils.citro.lv\/ru\/wp-json\/wp\/v2\/product_tag?post=7980"}],"curies":[{"name":"wp","href":"https:\/\/api.w.org\/{rel}","templated":true}]}}