{"id":793132,"date":"2026-04-11T01:36:58","date_gmt":"2026-04-10T22:36:58","guid":{"rendered":"https:\/\/ventspils.citro.lv\/veikals\/energijas-dzeriens-dynamit-star-0-5l\/"},"modified":"2026-04-11T01:37:10","modified_gmt":"2026-04-10T22:37:10","slug":"energijas-dzeriens-dynamit-star-0-5l","status":"publish","type":"product","link":"https:\/\/ventspils.citro.lv\/ru\/veikals\/energijas-dzeriens-dynamit-star-0-5l\/","title":{"rendered":"Ener\u0123ijas dzeriens Dynami:t star 0.5l"},"content":{"rendered":"<p>\u016bdens, fruktozes-glikozes s\u012brups, sk\u0101buma regul\u0113t\u0101ji: citronsk\u0101be; piensk\u0101be, \u00a0oglek\u013ca dioks\u012bds, taur\u012bns (0,45%), laima sulas koncentr\u0101ts, dab\u012bgi aromatiz\u0113t\u0101ji, stabiliz\u0113t\u0101ji: E414; E415, antioksidanti: E300; E306;E304, kofe\u012bns (0,035%) , s\u0101ls, vitam\u012bni (niac\u012bns, pantot\u0113nsk\u0101be, B6, folijsk\u0101be), konservanti: n\u0101trija benzo\u0101ts un k\u0101lija sorb\u0101ts, ekstrakts no saflora un citroniem, saldin\u0101t\u0101js: sukraloze.<\/p>\n","protected":false},"excerpt":{"rendered":"<p>2.98 \u20ac\/l<\/p>\n","protected":false},"featured_media":1244620,"template":"","meta":{"_acf_changed":false,"inline_featured_image":false},"product_cat":[106,217],"product_tag":[],"acf":[],"aioseo_notices":[],"_links":{"self":[{"href":"https:\/\/ventspils.citro.lv\/ru\/wp-json\/wp\/v2\/product\/793132"}],"collection":[{"href":"https:\/\/ventspils.citro.lv\/ru\/wp-json\/wp\/v2\/product"}],"about":[{"href":"https:\/\/ventspils.citro.lv\/ru\/wp-json\/wp\/v2\/types\/product"}],"wp:featuredmedia":[{"embeddable":true,"href":"https:\/\/ventspils.citro.lv\/ru\/wp-json\/wp\/v2\/media\/1244620"}],"wp:attachment":[{"href":"https:\/\/ventspils.citro.lv\/ru\/wp-json\/wp\/v2\/media?parent=793132"}],"wp:term":[{"taxonomy":"product_cat","embeddable":true,"href":"https:\/\/ventspils.citro.lv\/ru\/wp-json\/wp\/v2\/product_cat?post=793132"},{"taxonomy":"product_tag","embeddable":true,"href":"https:\/\/ventspils.citro.lv\/ru\/wp-json\/wp\/v2\/product_tag?post=793132"}],"curies":[{"name":"wp","href":"https:\/\/api.w.org\/{rel}","templated":true}]}}