{"id":791232,"date":"2026-04-11T01:39:03","date_gmt":"2026-04-10T22:39:03","guid":{"rendered":"https:\/\/ventspils.citro.lv\/veikals\/sokolade-tumsa-ar-kirsiem-un-mandelem-lukss-90g\/"},"modified":"2026-04-11T01:39:08","modified_gmt":"2026-04-10T22:39:08","slug":"sokolade-tumsa-ar-kirsiem-un-mandelem-lukss-90g","status":"publish","type":"product","link":"https:\/\/ventspils.citro.lv\/ru\/veikals\/sokolade-tumsa-ar-kirsiem-un-mandelem-lukss-90g\/","title":{"rendered":"\u0160okol\u0101de tum\u0161\u0101 ar \u0137ir\u0161iem un mandel\u0113m Lukss 90g"},"content":{"rendered":"","protected":false},"excerpt":{"rendered":"<p>33.22 \u20ac\/kg<\/p>\n","protected":false},"featured_media":1244621,"template":"","meta":{"_acf_changed":false,"inline_featured_image":false},"product_cat":[547,125],"product_tag":[],"acf":[],"aioseo_notices":[],"_links":{"self":[{"href":"https:\/\/ventspils.citro.lv\/ru\/wp-json\/wp\/v2\/product\/791232"}],"collection":[{"href":"https:\/\/ventspils.citro.lv\/ru\/wp-json\/wp\/v2\/product"}],"about":[{"href":"https:\/\/ventspils.citro.lv\/ru\/wp-json\/wp\/v2\/types\/product"}],"wp:featuredmedia":[{"embeddable":true,"href":"https:\/\/ventspils.citro.lv\/ru\/wp-json\/wp\/v2\/media\/1244621"}],"wp:attachment":[{"href":"https:\/\/ventspils.citro.lv\/ru\/wp-json\/wp\/v2\/media?parent=791232"}],"wp:term":[{"taxonomy":"product_cat","embeddable":true,"href":"https:\/\/ventspils.citro.lv\/ru\/wp-json\/wp\/v2\/product_cat?post=791232"},{"taxonomy":"product_tag","embeddable":true,"href":"https:\/\/ventspils.citro.lv\/ru\/wp-json\/wp\/v2\/product_tag?post=791232"}],"curies":[{"name":"wp","href":"https:\/\/api.w.org\/{rel}","templated":true}]}}