{"id":783570,"date":"2026-03-27T10:45:58","date_gmt":"2026-03-27T08:45:58","guid":{"rendered":"https:\/\/ventspils.citro.lv\/veikals\/cukgalas-sardeles-ar-speki-700g\/"},"modified":"2026-04-02T20:43:43","modified_gmt":"2026-04-02T17:43:43","slug":"cukgalas-sardeles-ar-speki-700g","status":"publish","type":"product","link":"https:\/\/ventspils.citro.lv\/ru\/veikals\/cukgalas-sardeles-ar-speki-700g\/","title":{"rendered":"C\u016bkga\u013cas sardeles ar spe\u0137i 700g"},"content":{"rendered":"","protected":false},"excerpt":{"rendered":"<p>5.27 \u20ac\/kg<\/p>\n","protected":false},"featured_media":1236642,"template":"","meta":{"_acf_changed":false,"inline_featured_image":false},"product_cat":[135,192],"product_tag":[],"acf":[],"aioseo_notices":[],"_links":{"self":[{"href":"https:\/\/ventspils.citro.lv\/ru\/wp-json\/wp\/v2\/product\/783570"}],"collection":[{"href":"https:\/\/ventspils.citro.lv\/ru\/wp-json\/wp\/v2\/product"}],"about":[{"href":"https:\/\/ventspils.citro.lv\/ru\/wp-json\/wp\/v2\/types\/product"}],"wp:featuredmedia":[{"embeddable":true,"href":"https:\/\/ventspils.citro.lv\/ru\/wp-json\/wp\/v2\/media\/1236642"}],"wp:attachment":[{"href":"https:\/\/ventspils.citro.lv\/ru\/wp-json\/wp\/v2\/media?parent=783570"}],"wp:term":[{"taxonomy":"product_cat","embeddable":true,"href":"https:\/\/ventspils.citro.lv\/ru\/wp-json\/wp\/v2\/product_cat?post=783570"},{"taxonomy":"product_tag","embeddable":true,"href":"https:\/\/ventspils.citro.lv\/ru\/wp-json\/wp\/v2\/product_tag?post=783570"}],"curies":[{"name":"wp","href":"https:\/\/api.w.org\/{rel}","templated":true}]}}