{"id":783515,"date":"2026-04-23T09:57:13","date_gmt":"2026-04-23T06:57:13","guid":{"rendered":"https:\/\/ventspils.citro.lv\/veikals\/kompots-no-plumju-pusitem-bez-kauliniem-720g-220g\/"},"modified":"2026-04-23T09:57:22","modified_gmt":"2026-04-23T06:57:22","slug":"kompots-no-plumju-pusitem-bez-kauliniem-720g-220g","status":"publish","type":"product","link":"https:\/\/ventspils.citro.lv\/ru\/veikals\/kompots-no-plumju-pusitem-bez-kauliniem-720g-220g\/","title":{"rendered":"Kompots no pl\u016bmju pus\u012bt\u0113m bez kauli\u0146iem 720g\/220g"},"content":{"rendered":"","protected":false},"excerpt":{"rendered":"<p>2.76 \u20ac\/kg<\/p>\n","protected":false},"featured_media":1250729,"template":"","meta":{"_acf_changed":false,"inline_featured_image":false},"product_cat":[567,103],"product_tag":[],"acf":[],"aioseo_notices":[],"_links":{"self":[{"href":"https:\/\/ventspils.citro.lv\/ru\/wp-json\/wp\/v2\/product\/783515"}],"collection":[{"href":"https:\/\/ventspils.citro.lv\/ru\/wp-json\/wp\/v2\/product"}],"about":[{"href":"https:\/\/ventspils.citro.lv\/ru\/wp-json\/wp\/v2\/types\/product"}],"wp:featuredmedia":[{"embeddable":true,"href":"https:\/\/ventspils.citro.lv\/ru\/wp-json\/wp\/v2\/media\/1250729"}],"wp:attachment":[{"href":"https:\/\/ventspils.citro.lv\/ru\/wp-json\/wp\/v2\/media?parent=783515"}],"wp:term":[{"taxonomy":"product_cat","embeddable":true,"href":"https:\/\/ventspils.citro.lv\/ru\/wp-json\/wp\/v2\/product_cat?post=783515"},{"taxonomy":"product_tag","embeddable":true,"href":"https:\/\/ventspils.citro.lv\/ru\/wp-json\/wp\/v2\/product_tag?post=783515"}],"curies":[{"name":"wp","href":"https:\/\/api.w.org\/{rel}","templated":true}]}}