{"id":774366,"date":"2026-04-01T02:09:41","date_gmt":"2026-03-31T23:09:41","guid":{"rendered":"https:\/\/ventspils.citro.lv\/veikals\/grauzdini-saldskabmaizes-citro-sv\/"},"modified":"2026-04-01T02:09:45","modified_gmt":"2026-03-31T23:09:45","slug":"grauzdini-saldskabmaizes-citro-sv","status":"publish","type":"product","link":"https:\/\/ventspils.citro.lv\/ru\/veikals\/grauzdini-saldskabmaizes-citro-sv\/","title":{"rendered":"Grauzdi\u0146i saldsk\u0101bmaizes  Citro sv."},"content":{"rendered":"<p>Sast\u0101vda\u013cas: maize (RUDZU milti, \u016bdens,KVIE\u0160U milti, cukurs, RUDZU iesals, \u0137imenes, s\u0101ls, raugs, MIE\u017dU iesala ekstrakts), rap\u0161u e\u013c\u013ca, \u0137iploks 5%. Ener\u0123etisk\u0101 v\u0113rt\u012bba 100g 432kcal\/1809KJ, tauki 20g, pies\u0101tin\u0101tas tauksk\u0101bes 1.5g, og\u013chidr\u0101ti 52g, cukurs 5.1g,\u0161kiedrv.6.2g, olbaltumvielas 8g, s\u0101ls 1.5g.<\/p>\n","protected":false},"excerpt":{"rendered":"<p>5.69 \u20ac\/kg<\/p>\n","protected":false},"featured_media":1238690,"template":"","meta":{"_acf_changed":false,"inline_featured_image":false},"product_cat":[113,222],"product_tag":[],"acf":[],"aioseo_notices":[],"_links":{"self":[{"href":"https:\/\/ventspils.citro.lv\/ru\/wp-json\/wp\/v2\/product\/774366"}],"collection":[{"href":"https:\/\/ventspils.citro.lv\/ru\/wp-json\/wp\/v2\/product"}],"about":[{"href":"https:\/\/ventspils.citro.lv\/ru\/wp-json\/wp\/v2\/types\/product"}],"wp:featuredmedia":[{"embeddable":true,"href":"https:\/\/ventspils.citro.lv\/ru\/wp-json\/wp\/v2\/media\/1238690"}],"wp:attachment":[{"href":"https:\/\/ventspils.citro.lv\/ru\/wp-json\/wp\/v2\/media?parent=774366"}],"wp:term":[{"taxonomy":"product_cat","embeddable":true,"href":"https:\/\/ventspils.citro.lv\/ru\/wp-json\/wp\/v2\/product_cat?post=774366"},{"taxonomy":"product_tag","embeddable":true,"href":"https:\/\/ventspils.citro.lv\/ru\/wp-json\/wp\/v2\/product_tag?post=774366"}],"curies":[{"name":"wp","href":"https:\/\/api.w.org\/{rel}","templated":true}]}}