{"id":772185,"date":"2026-04-30T02:46:01","date_gmt":"2026-04-29T23:46:01","guid":{"rendered":"https:\/\/ventspils.citro.lv\/veikals\/lapu-salati-podinos-zalie-marupe-250g\/"},"modified":"2026-05-03T16:36:30","modified_gmt":"2026-05-03T13:36:30","slug":"salati-lapu-podinos-zalie-marupe-250g-2-sk","status":"publish","type":"product","link":"https:\/\/ventspils.citro.lv\/ru\/veikals\/salati-lapu-podinos-zalie-marupe-250g-2-sk\/","title":{"rendered":"Sal\u0101ti lapu podi\u0146os (za\u013cie) M\u0101rupe, 250g 2.\u0161\u0137."},"content":{"rendered":"","protected":false},"excerpt":{"rendered":"<p>5.16 \u20ac\/gb<\/p>\n","protected":false},"featured_media":1255170,"template":"","meta":{"_acf_changed":false,"inline_featured_image":false},"product_cat":[97,99],"product_tag":[],"acf":[],"aioseo_notices":[],"_links":{"self":[{"href":"https:\/\/ventspils.citro.lv\/ru\/wp-json\/wp\/v2\/product\/772185"}],"collection":[{"href":"https:\/\/ventspils.citro.lv\/ru\/wp-json\/wp\/v2\/product"}],"about":[{"href":"https:\/\/ventspils.citro.lv\/ru\/wp-json\/wp\/v2\/types\/product"}],"wp:featuredmedia":[{"embeddable":true,"href":"https:\/\/ventspils.citro.lv\/ru\/wp-json\/wp\/v2\/media\/1255170"}],"wp:attachment":[{"href":"https:\/\/ventspils.citro.lv\/ru\/wp-json\/wp\/v2\/media?parent=772185"}],"wp:term":[{"taxonomy":"product_cat","embeddable":true,"href":"https:\/\/ventspils.citro.lv\/ru\/wp-json\/wp\/v2\/product_cat?post=772185"},{"taxonomy":"product_tag","embeddable":true,"href":"https:\/\/ventspils.citro.lv\/ru\/wp-json\/wp\/v2\/product_tag?post=772185"}],"curies":[{"name":"wp","href":"https:\/\/api.w.org\/{rel}","templated":true}]}}