{"id":771,"date":"2026-05-08T02:30:14","date_gmt":"2026-05-07T23:30:14","guid":{"rendered":"http:\/\/cvent.dev.wmc.lv\/ventspils\/veikals\/konservi-makrele-ella-eo-240g\/"},"modified":"2026-05-08T02:30:19","modified_gmt":"2026-05-07T23:30:19","slug":"makrele-ella-240g-168g","status":"publish","type":"product","link":"https:\/\/ventspils.citro.lv\/ru\/veikals\/makrele-ella-240g-168g\/","title":{"rendered":"Makrele e\u013c\u013c\u0101 240g\/168g"},"content":{"rendered":"","protected":false},"excerpt":{"rendered":"<p>8.87 \u20ac\/kg<\/p>\n","protected":false},"featured_media":1257480,"template":"","meta":{"_acf_changed":false,"inline_featured_image":false},"product_cat":[540,135],"product_tag":[],"acf":[],"aioseo_notices":[],"_links":{"self":[{"href":"https:\/\/ventspils.citro.lv\/ru\/wp-json\/wp\/v2\/product\/771"}],"collection":[{"href":"https:\/\/ventspils.citro.lv\/ru\/wp-json\/wp\/v2\/product"}],"about":[{"href":"https:\/\/ventspils.citro.lv\/ru\/wp-json\/wp\/v2\/types\/product"}],"wp:featuredmedia":[{"embeddable":true,"href":"https:\/\/ventspils.citro.lv\/ru\/wp-json\/wp\/v2\/media\/1257480"}],"wp:attachment":[{"href":"https:\/\/ventspils.citro.lv\/ru\/wp-json\/wp\/v2\/media?parent=771"}],"wp:term":[{"taxonomy":"product_cat","embeddable":true,"href":"https:\/\/ventspils.citro.lv\/ru\/wp-json\/wp\/v2\/product_cat?post=771"},{"taxonomy":"product_tag","embeddable":true,"href":"https:\/\/ventspils.citro.lv\/ru\/wp-json\/wp\/v2\/product_tag?post=771"}],"curies":[{"name":"wp","href":"https:\/\/api.w.org\/{rel}","templated":true}]}}