{"id":76953,"date":"2026-04-18T01:03:18","date_gmt":"2026-04-17T22:03:18","guid":{"rendered":"https:\/\/ventspils.citro.lv\/veikals\/broileru-skinki\/"},"modified":"2026-04-18T01:03:23","modified_gmt":"2026-04-17T22:03:23","slug":"broileru-skinki","status":"publish","type":"product","link":"https:\/\/ventspils.citro.lv\/ru\/veikals\/broileru-skinki\/","title":{"rendered":"Broileru \u0161\u0137i\u0146\u0137i"},"content":{"rendered":"<p>Sast\u0101vda\u013cas: broilera \u0161\u0137i\u0146\u0137i 100%. Audz\u0113ts: Igaunija, nokauts: Igaunija. Uzglab\u0101\u0161anas temperat\u016bra: 0&#8230;+4C. P\u0113c atv\u0113r\u0161anas ieteicams izlietot 12 stundu laik\u0101. Pirms lieto\u0161anas uztur\u0101 termiski apstr\u0101d\u0101t l\u012bdz vismaz +75C.<\/p>\n","protected":false},"excerpt":{"rendered":"<p>4.29 \u20ac\/kg<\/p>\n","protected":false},"featured_media":1247016,"template":"","meta":{"_acf_changed":false,"inline_featured_image":false},"product_cat":[561,135],"product_tag":[],"acf":[],"aioseo_notices":[],"_links":{"self":[{"href":"https:\/\/ventspils.citro.lv\/ru\/wp-json\/wp\/v2\/product\/76953"}],"collection":[{"href":"https:\/\/ventspils.citro.lv\/ru\/wp-json\/wp\/v2\/product"}],"about":[{"href":"https:\/\/ventspils.citro.lv\/ru\/wp-json\/wp\/v2\/types\/product"}],"wp:featuredmedia":[{"embeddable":true,"href":"https:\/\/ventspils.citro.lv\/ru\/wp-json\/wp\/v2\/media\/1247016"}],"wp:attachment":[{"href":"https:\/\/ventspils.citro.lv\/ru\/wp-json\/wp\/v2\/media?parent=76953"}],"wp:term":[{"taxonomy":"product_cat","embeddable":true,"href":"https:\/\/ventspils.citro.lv\/ru\/wp-json\/wp\/v2\/product_cat?post=76953"},{"taxonomy":"product_tag","embeddable":true,"href":"https:\/\/ventspils.citro.lv\/ru\/wp-json\/wp\/v2\/product_tag?post=76953"}],"curies":[{"name":"wp","href":"https:\/\/api.w.org\/{rel}","templated":true}]}}