{"id":766,"date":"2026-04-10T05:42:13","date_gmt":"2026-04-10T02:42:13","guid":{"rendered":"http:\/\/cvent.dev.wmc.lv\/ventspils\/veikals\/lidzeklis-fairy-lemon-450ml\/"},"modified":"2026-04-10T13:54:40","modified_gmt":"2026-04-10T10:54:40","slug":"trauku-mazg-lidzeklis-450ml-fairy-lemon","status":"publish","type":"product","link":"https:\/\/ventspils.citro.lv\/ru\/veikals\/trauku-mazg-lidzeklis-450ml-fairy-lemon\/","title":{"rendered":"Trauku mazg.l\u012bdzeklis 450ml Fairy Lemon"},"content":{"rendered":"<p>\u0160\u0137idrais trauku mazg\u0101\u0161anas l\u012bdzeklis ar citronu arom\u0101tu.Neatkar\u012bgi no net\u012brumu veida un daudzuma, Fairy iedarb\u012bg\u0101 tauku \u0161\u0137el\u0161anas formula viegli izk\u013c\u016bst cauri net\u012brumu sl\u0101nim. L\u012bdzeklis ir \u013coti koncentr\u0113ts un katra pile nomazg\u0101 daudz taukainu trauku, t\u0101d\u0113j\u0101di l\u012bdzeklis pietiek ilgam laikam un pal\u012bdz ietaup\u012bt.Fairy \u0161\u0137idrais trauku mazg\u0101\u0161anas l\u012bdzeklis vienm\u0113r nodro\u0161ina uzticamu t\u012br\u012b\u0161anas iedarb\u012bbu, ko pavada pat\u012bkams arom\u0101ts mazg\u0101\u0161anas laik\u0101.<\/p>\n","protected":false},"excerpt":{"rendered":"<p>4.64 \u20ac\/l<\/p>\n","protected":false},"featured_media":1243170,"template":"","meta":{"_acf_changed":false,"inline_featured_image":false},"product_cat":[131,169],"product_tag":[],"acf":[],"aioseo_notices":[],"_links":{"self":[{"href":"https:\/\/ventspils.citro.lv\/ru\/wp-json\/wp\/v2\/product\/766"}],"collection":[{"href":"https:\/\/ventspils.citro.lv\/ru\/wp-json\/wp\/v2\/product"}],"about":[{"href":"https:\/\/ventspils.citro.lv\/ru\/wp-json\/wp\/v2\/types\/product"}],"wp:featuredmedia":[{"embeddable":true,"href":"https:\/\/ventspils.citro.lv\/ru\/wp-json\/wp\/v2\/media\/1243170"}],"wp:attachment":[{"href":"https:\/\/ventspils.citro.lv\/ru\/wp-json\/wp\/v2\/media?parent=766"}],"wp:term":[{"taxonomy":"product_cat","embeddable":true,"href":"https:\/\/ventspils.citro.lv\/ru\/wp-json\/wp\/v2\/product_cat?post=766"},{"taxonomy":"product_tag","embeddable":true,"href":"https:\/\/ventspils.citro.lv\/ru\/wp-json\/wp\/v2\/product_tag?post=766"}],"curies":[{"name":"wp","href":"https:\/\/api.w.org\/{rel}","templated":true}]}}