{"id":764000,"date":"2026-04-24T10:09:25","date_gmt":"2026-04-24T07:09:25","guid":{"rendered":"https:\/\/ventspils.citro.lv\/veikals\/sausmaizites-nature-ar-seklam-selga-200g\/"},"modified":"2026-04-28T16:18:16","modified_gmt":"2026-04-28T13:18:16","slug":"sausmaizites-nature-ar-seklam-selga-200g","status":"publish","type":"product","link":"https:\/\/ventspils.citro.lv\/ru\/veikals\/sausmaizites-nature-ar-seklam-selga-200g\/","title":{"rendered":"Sausmaiz\u012btes Nature ar s\u0113kl\u0101m Selga 200g"},"content":{"rendered":"","protected":false},"excerpt":{"rendered":"<p>14.95 \u20ac\/kg<\/p>\n","protected":false},"featured_media":1253006,"template":"","meta":{"_acf_changed":false,"inline_featured_image":false},"product_cat":[535,215],"product_tag":[],"acf":[],"aioseo_notices":[],"_links":{"self":[{"href":"https:\/\/ventspils.citro.lv\/ru\/wp-json\/wp\/v2\/product\/764000"}],"collection":[{"href":"https:\/\/ventspils.citro.lv\/ru\/wp-json\/wp\/v2\/product"}],"about":[{"href":"https:\/\/ventspils.citro.lv\/ru\/wp-json\/wp\/v2\/types\/product"}],"wp:featuredmedia":[{"embeddable":true,"href":"https:\/\/ventspils.citro.lv\/ru\/wp-json\/wp\/v2\/media\/1253006"}],"wp:attachment":[{"href":"https:\/\/ventspils.citro.lv\/ru\/wp-json\/wp\/v2\/media?parent=764000"}],"wp:term":[{"taxonomy":"product_cat","embeddable":true,"href":"https:\/\/ventspils.citro.lv\/ru\/wp-json\/wp\/v2\/product_cat?post=764000"},{"taxonomy":"product_tag","embeddable":true,"href":"https:\/\/ventspils.citro.lv\/ru\/wp-json\/wp\/v2\/product_tag?post=764000"}],"curies":[{"name":"wp","href":"https:\/\/api.w.org\/{rel}","templated":true}]}}