{"id":763,"date":"2026-05-12T04:27:02","date_gmt":"2026-05-12T01:27:02","guid":{"rendered":"http:\/\/cvent.dev.wmc.lv\/ventspils\/veikals\/cukgala-cepsanai-kiploku-merce-500g-rgk\/"},"modified":"2026-05-12T04:27:13","modified_gmt":"2026-05-12T01:27:13","slug":"cukgala-cepsanai-kiploku-merce-karba-500g","status":"publish","type":"product","link":"https:\/\/ventspils.citro.lv\/ru\/veikals\/cukgala-cepsanai-kiploku-merce-karba-500g\/","title":{"rendered":"C\u016bkga\u013ca cep\u0161anai \u0137iploku m\u0113rc\u0113 k\u0101rba 500g"},"content":{"rendered":"","protected":false},"excerpt":{"rendered":"<p>7.18 \u20ac\/kg<\/p>\n","protected":false},"featured_media":1258835,"template":"","meta":{"_acf_changed":false,"inline_featured_image":false},"product_cat":[135,182],"product_tag":[],"acf":[],"aioseo_notices":[],"_links":{"self":[{"href":"https:\/\/ventspils.citro.lv\/ru\/wp-json\/wp\/v2\/product\/763"}],"collection":[{"href":"https:\/\/ventspils.citro.lv\/ru\/wp-json\/wp\/v2\/product"}],"about":[{"href":"https:\/\/ventspils.citro.lv\/ru\/wp-json\/wp\/v2\/types\/product"}],"wp:featuredmedia":[{"embeddable":true,"href":"https:\/\/ventspils.citro.lv\/ru\/wp-json\/wp\/v2\/media\/1258835"}],"wp:attachment":[{"href":"https:\/\/ventspils.citro.lv\/ru\/wp-json\/wp\/v2\/media?parent=763"}],"wp:term":[{"taxonomy":"product_cat","embeddable":true,"href":"https:\/\/ventspils.citro.lv\/ru\/wp-json\/wp\/v2\/product_cat?post=763"},{"taxonomy":"product_tag","embeddable":true,"href":"https:\/\/ventspils.citro.lv\/ru\/wp-json\/wp\/v2\/product_tag?post=763"}],"curies":[{"name":"wp","href":"https:\/\/api.w.org\/{rel}","templated":true}]}}