{"id":759,"date":"2026-04-24T03:39:47","date_gmt":"2026-04-24T00:39:47","guid":{"rendered":"http:\/\/cvent.dev.wmc.lv\/ventspils\/veikals\/maisijums-milti-pankuku-iecienitas-400g\/"},"modified":"2026-04-26T12:20:33","modified_gmt":"2026-04-26T09:20:33","slug":"milti-pankuku-iecienitas-400g","status":"publish","type":"product","link":"https:\/\/ventspils.citro.lv\/ru\/veikals\/milti-pankuku-iecienitas-400g\/","title":{"rendered":"Milti pank\u016bku Iecien\u012bt\u0101s 400g"},"content":{"rendered":"","protected":false},"excerpt":{"rendered":"<p>2.18 \u20ac\/kg<\/p>\n","protected":false},"featured_media":1251333,"template":"","meta":{"_acf_changed":false,"inline_featured_image":false},"product_cat":[118,120],"product_tag":[],"acf":[],"aioseo_notices":[],"_links":{"self":[{"href":"https:\/\/ventspils.citro.lv\/ru\/wp-json\/wp\/v2\/product\/759"}],"collection":[{"href":"https:\/\/ventspils.citro.lv\/ru\/wp-json\/wp\/v2\/product"}],"about":[{"href":"https:\/\/ventspils.citro.lv\/ru\/wp-json\/wp\/v2\/types\/product"}],"wp:featuredmedia":[{"embeddable":true,"href":"https:\/\/ventspils.citro.lv\/ru\/wp-json\/wp\/v2\/media\/1251333"}],"wp:attachment":[{"href":"https:\/\/ventspils.citro.lv\/ru\/wp-json\/wp\/v2\/media?parent=759"}],"wp:term":[{"taxonomy":"product_cat","embeddable":true,"href":"https:\/\/ventspils.citro.lv\/ru\/wp-json\/wp\/v2\/product_cat?post=759"},{"taxonomy":"product_tag","embeddable":true,"href":"https:\/\/ventspils.citro.lv\/ru\/wp-json\/wp\/v2\/product_tag?post=759"}],"curies":[{"name":"wp","href":"https:\/\/api.w.org\/{rel}","templated":true}]}}