{"id":756192,"date":"2026-04-30T02:46:01","date_gmt":"2026-04-29T23:46:01","guid":{"rendered":"https:\/\/ventspils.citro.lv\/veikals\/jogurts-rasens-vanilas-ar-sok-konfekt-110g\/"},"modified":"2026-04-30T02:46:12","modified_gmt":"2026-04-29T23:46:12","slug":"jogurts-rasens-vanilas-ar-sok-konfekt-110g","status":"publish","type":"product","link":"https:\/\/ventspils.citro.lv\/ru\/veikals\/jogurts-rasens-vanilas-ar-sok-konfekt-110g\/","title":{"rendered":"Jogurts Ras\u0113ns vani\u013cas ar \u0161ok. konfekt. 110g"},"content":{"rendered":"<p>jogurtam 91%: PIENS, vani\u013cas piedeva 8% (cukurs, \u016bdens, fruktoze, modific\u0113ta ciete, dab\u012bgi aromatiz\u0113t\u0101ji, kr\u0101sviela: augu karot\u012bni; vani\u013cas ekstrakts 0,1%, sk\u0101buma regul\u0113t\u0101js: trin\u0101trija citr\u0101ts; citronu sulas koncentr\u0101ts), modific\u0113ta ciete, \u017eelat\u012bns, kalcijs, vitam\u012bni A, B6, B12, D, folijsk\u0101be; PIENSK\u0100BES bakt\u0113riju ieraugs. Sast\u0101vda\u013cas PIENA \u0161okol\u0101des konfekt\u0113m cukura glaz\u016br\u0101 9%: cukurs, kakao masa, kakao sviests, PILNPIENA pulveris, ciete, emulgators: E322: glaz\u0113t\u0101jvielas: E414, E903, E901, E904; sulu koncentr\u0101ti: v\u012bnogu, red\u012bsu, upe\u0146u, citronu, sarkano bie\u0161u; ekstrakti: safloras, MIE\u017eu iesala, al\u0123u koncentr\u0101ts.<\/p>\n","protected":false},"excerpt":{"rendered":"<p>8.09 \u20ac\/kg<\/p>\n","protected":false},"featured_media":1255171,"template":"","meta":{"_acf_changed":false,"inline_featured_image":false},"product_cat":[95,100],"product_tag":[],"acf":[],"aioseo_notices":[],"_links":{"self":[{"href":"https:\/\/ventspils.citro.lv\/ru\/wp-json\/wp\/v2\/product\/756192"}],"collection":[{"href":"https:\/\/ventspils.citro.lv\/ru\/wp-json\/wp\/v2\/product"}],"about":[{"href":"https:\/\/ventspils.citro.lv\/ru\/wp-json\/wp\/v2\/types\/product"}],"wp:featuredmedia":[{"embeddable":true,"href":"https:\/\/ventspils.citro.lv\/ru\/wp-json\/wp\/v2\/media\/1255171"}],"wp:attachment":[{"href":"https:\/\/ventspils.citro.lv\/ru\/wp-json\/wp\/v2\/media?parent=756192"}],"wp:term":[{"taxonomy":"product_cat","embeddable":true,"href":"https:\/\/ventspils.citro.lv\/ru\/wp-json\/wp\/v2\/product_cat?post=756192"},{"taxonomy":"product_tag","embeddable":true,"href":"https:\/\/ventspils.citro.lv\/ru\/wp-json\/wp\/v2\/product_tag?post=756192"}],"curies":[{"name":"wp","href":"https:\/\/api.w.org\/{rel}","templated":true}]}}