{"id":756189,"date":"2026-03-31T04:27:03","date_gmt":"2026-03-31T01:27:03","guid":{"rendered":"https:\/\/ventspils.citro.lv\/veikals\/krejums-saldais-valmiera-35-uht-200g\/"},"modified":"2026-03-31T04:27:08","modified_gmt":"2026-03-31T01:27:08","slug":"krejums-saldais-valmiera-35-uht-200g","status":"publish","type":"product","link":"https:\/\/ventspils.citro.lv\/ru\/veikals\/krejums-saldais-valmiera-35-uht-200g\/","title":{"rendered":"Kr\u0113jums saldais Valmiera 35% UHT 200g"},"content":{"rendered":"<p>saldais KR\u0112JUMS, stabiliz\u0113t\u0101ji: karagin\u0101ns, polifosf\u0101ti, n\u0101trija fosf\u0101ti.<\/p>\n","protected":false},"excerpt":{"rendered":"<p>7.45 \u20ac\/kg<\/p>\n","protected":false},"featured_media":1238337,"template":"","meta":{"_acf_changed":false,"inline_featured_image":false},"product_cat":[95,150],"product_tag":[],"acf":[],"aioseo_notices":[],"_links":{"self":[{"href":"https:\/\/ventspils.citro.lv\/ru\/wp-json\/wp\/v2\/product\/756189"}],"collection":[{"href":"https:\/\/ventspils.citro.lv\/ru\/wp-json\/wp\/v2\/product"}],"about":[{"href":"https:\/\/ventspils.citro.lv\/ru\/wp-json\/wp\/v2\/types\/product"}],"wp:featuredmedia":[{"embeddable":true,"href":"https:\/\/ventspils.citro.lv\/ru\/wp-json\/wp\/v2\/media\/1238337"}],"wp:attachment":[{"href":"https:\/\/ventspils.citro.lv\/ru\/wp-json\/wp\/v2\/media?parent=756189"}],"wp:term":[{"taxonomy":"product_cat","embeddable":true,"href":"https:\/\/ventspils.citro.lv\/ru\/wp-json\/wp\/v2\/product_cat?post=756189"},{"taxonomy":"product_tag","embeddable":true,"href":"https:\/\/ventspils.citro.lv\/ru\/wp-json\/wp\/v2\/product_tag?post=756189"}],"curies":[{"name":"wp","href":"https:\/\/api.w.org\/{rel}","templated":true}]}}