{"id":756188,"date":"2026-02-19T04:42:51","date_gmt":"2026-02-19T02:42:51","guid":{"rendered":"https:\/\/ventspils.citro.lv\/veikals\/biezpiens-limbazu-piens-0-5-170g\/"},"modified":"2026-02-19T04:43:02","modified_gmt":"2026-02-19T02:43:02","slug":"biezpiens-limbazu-piens-0-5-170g","status":"publish","type":"product","link":"https:\/\/ventspils.citro.lv\/ru\/veikals\/biezpiens-limbazu-piens-0-5-170g\/","title":{"rendered":"Biezpiens Limba\u017eu piens 0.5% 170g"},"content":{"rendered":"<p>pasteriz\u0113ts V\u0100JPIENS,PIENSK\u0100BES bakt\u0113riju ieraugs<\/p>\n","protected":false},"excerpt":{"rendered":"<p>7.00 \u20ac\/kg<\/p>\n","protected":false},"featured_media":1211811,"template":"","meta":{"_acf_changed":false,"inline_featured_image":false},"product_cat":[95,96],"product_tag":[],"acf":[],"aioseo_notices":[],"_links":{"self":[{"href":"https:\/\/ventspils.citro.lv\/ru\/wp-json\/wp\/v2\/product\/756188"}],"collection":[{"href":"https:\/\/ventspils.citro.lv\/ru\/wp-json\/wp\/v2\/product"}],"about":[{"href":"https:\/\/ventspils.citro.lv\/ru\/wp-json\/wp\/v2\/types\/product"}],"wp:featuredmedia":[{"embeddable":true,"href":"https:\/\/ventspils.citro.lv\/ru\/wp-json\/wp\/v2\/media\/1211811"}],"wp:attachment":[{"href":"https:\/\/ventspils.citro.lv\/ru\/wp-json\/wp\/v2\/media?parent=756188"}],"wp:term":[{"taxonomy":"product_cat","embeddable":true,"href":"https:\/\/ventspils.citro.lv\/ru\/wp-json\/wp\/v2\/product_cat?post=756188"},{"taxonomy":"product_tag","embeddable":true,"href":"https:\/\/ventspils.citro.lv\/ru\/wp-json\/wp\/v2\/product_tag?post=756188"}],"curies":[{"name":"wp","href":"https:\/\/api.w.org\/{rel}","templated":true}]}}