{"id":756177,"date":"2026-03-13T05:39:49","date_gmt":"2026-03-13T03:39:49","guid":{"rendered":"https:\/\/ventspils.citro.lv\/veikals\/ella-rapsu-omili-900ml\/"},"modified":"2026-03-13T05:39:51","modified_gmt":"2026-03-13T03:39:51","slug":"ella-rapsu-omili-900ml","status":"publish","type":"product","link":"https:\/\/ventspils.citro.lv\/ru\/veikals\/ella-rapsu-omili-900ml\/","title":{"rendered":"E\u013c\u013ca rap\u0161u Omili 900ml"},"content":{"rendered":"","protected":false},"excerpt":{"rendered":"<p>2.99 \u20ac\/l<\/p>\n","protected":false},"featured_media":1225544,"template":"","meta":{"_acf_changed":false,"inline_featured_image":false},"product_cat":[116,164],"product_tag":[],"acf":[],"aioseo_notices":[],"_links":{"self":[{"href":"https:\/\/ventspils.citro.lv\/ru\/wp-json\/wp\/v2\/product\/756177"}],"collection":[{"href":"https:\/\/ventspils.citro.lv\/ru\/wp-json\/wp\/v2\/product"}],"about":[{"href":"https:\/\/ventspils.citro.lv\/ru\/wp-json\/wp\/v2\/types\/product"}],"wp:featuredmedia":[{"embeddable":true,"href":"https:\/\/ventspils.citro.lv\/ru\/wp-json\/wp\/v2\/media\/1225544"}],"wp:attachment":[{"href":"https:\/\/ventspils.citro.lv\/ru\/wp-json\/wp\/v2\/media?parent=756177"}],"wp:term":[{"taxonomy":"product_cat","embeddable":true,"href":"https:\/\/ventspils.citro.lv\/ru\/wp-json\/wp\/v2\/product_cat?post=756177"},{"taxonomy":"product_tag","embeddable":true,"href":"https:\/\/ventspils.citro.lv\/ru\/wp-json\/wp\/v2\/product_tag?post=756177"}],"curies":[{"name":"wp","href":"https:\/\/api.w.org\/{rel}","templated":true}]}}