{"id":755991,"date":"2026-04-24T05:27:50","date_gmt":"2026-04-24T02:27:50","guid":{"rendered":"https:\/\/ventspils.citro.lv\/veikals\/krems-biezpiena-karums-ar-sokoladi-85g\/"},"modified":"2026-05-01T17:54:32","modified_gmt":"2026-05-01T14:54:32","slug":"krems-biezpiena-karums-ar-sokoladi-85g","status":"publish","type":"product","link":"https:\/\/ventspils.citro.lv\/ru\/veikals\/krems-biezpiena-karums-ar-sokoladi-85g\/","title":{"rendered":"Kr\u0113ms biezpiena K\u0101rums ar \u0161okol\u0101di 85g"},"content":{"rendered":"","protected":false},"excerpt":{"rendered":"<p>7.29 \u20ac\/kg<\/p>\n","protected":false},"featured_media":1251762,"template":"","meta":{"_acf_changed":false,"inline_featured_image":false},"product_cat":[95,188],"product_tag":[],"acf":[],"aioseo_notices":[],"_links":{"self":[{"href":"https:\/\/ventspils.citro.lv\/ru\/wp-json\/wp\/v2\/product\/755991"}],"collection":[{"href":"https:\/\/ventspils.citro.lv\/ru\/wp-json\/wp\/v2\/product"}],"about":[{"href":"https:\/\/ventspils.citro.lv\/ru\/wp-json\/wp\/v2\/types\/product"}],"wp:featuredmedia":[{"embeddable":true,"href":"https:\/\/ventspils.citro.lv\/ru\/wp-json\/wp\/v2\/media\/1251762"}],"wp:attachment":[{"href":"https:\/\/ventspils.citro.lv\/ru\/wp-json\/wp\/v2\/media?parent=755991"}],"wp:term":[{"taxonomy":"product_cat","embeddable":true,"href":"https:\/\/ventspils.citro.lv\/ru\/wp-json\/wp\/v2\/product_cat?post=755991"},{"taxonomy":"product_tag","embeddable":true,"href":"https:\/\/ventspils.citro.lv\/ru\/wp-json\/wp\/v2\/product_tag?post=755991"}],"curies":[{"name":"wp","href":"https:\/\/api.w.org\/{rel}","templated":true}]}}