{"id":755990,"date":"2026-05-12T04:24:03","date_gmt":"2026-05-12T01:24:03","guid":{"rendered":"https:\/\/ventspils.citro.lv\/veikals\/kartupeli-saldie-egipte-2-sk\/"},"modified":"2026-05-15T12:29:37","modified_gmt":"2026-05-15T09:29:37","slug":"kartupeli-saldie-2-sk-niderlande","status":"publish","type":"product","link":"https:\/\/ventspils.citro.lv\/ru\/veikals\/kartupeli-saldie-2-sk-niderlande\/","title":{"rendered":"Kartupe\u013ci saldie 2.\u0161\u0137.N\u012bderlande"},"content":{"rendered":"","protected":false},"excerpt":{"rendered":"<p>2.19 \u20ac\/kg<\/p>\n","protected":false},"featured_media":1258820,"template":"","meta":{"_acf_changed":false,"inline_featured_image":false},"product_cat":[97,99],"product_tag":[],"acf":[],"aioseo_notices":[],"_links":{"self":[{"href":"https:\/\/ventspils.citro.lv\/ru\/wp-json\/wp\/v2\/product\/755990"}],"collection":[{"href":"https:\/\/ventspils.citro.lv\/ru\/wp-json\/wp\/v2\/product"}],"about":[{"href":"https:\/\/ventspils.citro.lv\/ru\/wp-json\/wp\/v2\/types\/product"}],"wp:featuredmedia":[{"embeddable":true,"href":"https:\/\/ventspils.citro.lv\/ru\/wp-json\/wp\/v2\/media\/1258820"}],"wp:attachment":[{"href":"https:\/\/ventspils.citro.lv\/ru\/wp-json\/wp\/v2\/media?parent=755990"}],"wp:term":[{"taxonomy":"product_cat","embeddable":true,"href":"https:\/\/ventspils.citro.lv\/ru\/wp-json\/wp\/v2\/product_cat?post=755990"},{"taxonomy":"product_tag","embeddable":true,"href":"https:\/\/ventspils.citro.lv\/ru\/wp-json\/wp\/v2\/product_tag?post=755990"}],"curies":[{"name":"wp","href":"https:\/\/api.w.org\/{rel}","templated":true}]}}