{"id":755977,"date":"2026-04-27T00:48:27","date_gmt":"2026-04-26T21:48:27","guid":{"rendered":"https:\/\/ventspils.citro.lv\/veikals\/krems-biezpiena-karums-ar-meza-ogam-85g\/"},"modified":"2026-05-08T09:44:41","modified_gmt":"2026-05-08T06:44:41","slug":"krems-biezpiena-karums-ar-meza-ogam-85g","status":"publish","type":"product","link":"https:\/\/ventspils.citro.lv\/ru\/veikals\/krems-biezpiena-karums-ar-meza-ogam-85g\/","title":{"rendered":"Kr\u0113ms biezpiena K\u0101rums ar me\u017ea og\u0101m 85g"},"content":{"rendered":"","protected":false},"excerpt":{"rendered":"<p>7.29 \u20ac\/kg<\/p>\n","protected":false},"featured_media":1253827,"template":"","meta":{"_acf_changed":false,"inline_featured_image":false},"product_cat":[95,188],"product_tag":[],"acf":[],"aioseo_notices":[],"_links":{"self":[{"href":"https:\/\/ventspils.citro.lv\/ru\/wp-json\/wp\/v2\/product\/755977"}],"collection":[{"href":"https:\/\/ventspils.citro.lv\/ru\/wp-json\/wp\/v2\/product"}],"about":[{"href":"https:\/\/ventspils.citro.lv\/ru\/wp-json\/wp\/v2\/types\/product"}],"wp:featuredmedia":[{"embeddable":true,"href":"https:\/\/ventspils.citro.lv\/ru\/wp-json\/wp\/v2\/media\/1253827"}],"wp:attachment":[{"href":"https:\/\/ventspils.citro.lv\/ru\/wp-json\/wp\/v2\/media?parent=755977"}],"wp:term":[{"taxonomy":"product_cat","embeddable":true,"href":"https:\/\/ventspils.citro.lv\/ru\/wp-json\/wp\/v2\/product_cat?post=755977"},{"taxonomy":"product_tag","embeddable":true,"href":"https:\/\/ventspils.citro.lv\/ru\/wp-json\/wp\/v2\/product_tag?post=755977"}],"curies":[{"name":"wp","href":"https:\/\/api.w.org\/{rel}","templated":true}]}}