{"id":755385,"date":"2026-04-24T04:06:38","date_gmt":"2026-04-24T01:06:38","guid":{"rendered":"https:\/\/ventspils.citro.lv\/veikals\/biezpiena-sierins-karums-ar-sok-gab-45g\/"},"modified":"2026-04-25T18:21:24","modified_gmt":"2026-04-25T15:21:24","slug":"biezpiena-sierins-karums-ar-sok-gab-45g","status":"publish","type":"product","link":"https:\/\/ventspils.citro.lv\/ru\/veikals\/biezpiena-sierins-karums-ar-sok-gab-45g\/","title":{"rendered":"Biezpiena sieri\u0146\u0161 K\u0101rums ar \u0161ok.gab. 45g"},"content":{"rendered":"","protected":false},"excerpt":{"rendered":"<p>8.22 \u20ac\/kg<\/p>\n","protected":false},"featured_media":1251438,"template":"","meta":{"_acf_changed":false,"inline_featured_image":false},"product_cat":[95,188],"product_tag":[],"acf":[],"aioseo_notices":[],"_links":{"self":[{"href":"https:\/\/ventspils.citro.lv\/ru\/wp-json\/wp\/v2\/product\/755385"}],"collection":[{"href":"https:\/\/ventspils.citro.lv\/ru\/wp-json\/wp\/v2\/product"}],"about":[{"href":"https:\/\/ventspils.citro.lv\/ru\/wp-json\/wp\/v2\/types\/product"}],"wp:featuredmedia":[{"embeddable":true,"href":"https:\/\/ventspils.citro.lv\/ru\/wp-json\/wp\/v2\/media\/1251438"}],"wp:attachment":[{"href":"https:\/\/ventspils.citro.lv\/ru\/wp-json\/wp\/v2\/media?parent=755385"}],"wp:term":[{"taxonomy":"product_cat","embeddable":true,"href":"https:\/\/ventspils.citro.lv\/ru\/wp-json\/wp\/v2\/product_cat?post=755385"},{"taxonomy":"product_tag","embeddable":true,"href":"https:\/\/ventspils.citro.lv\/ru\/wp-json\/wp\/v2\/product_tag?post=755385"}],"curies":[{"name":"wp","href":"https:\/\/api.w.org\/{rel}","templated":true}]}}