{"id":754,"date":"2026-04-10T06:39:26","date_gmt":"2026-04-10T03:39:26","guid":{"rendered":"http:\/\/cvent.dev.wmc.lv\/ventspils\/veikals\/konservi-bretlinas-tomatu-merce-240g\/"},"modified":"2026-04-10T06:39:30","modified_gmt":"2026-04-10T03:39:30","slug":"bretlinas-tomatu-merce-240g-144g","status":"publish","type":"product","link":"https:\/\/ventspils.citro.lv\/ru\/veikals\/bretlinas-tomatu-merce-240g-144g\/","title":{"rendered":"Br\u0113tli\u0146as tom\u0101tu m\u0113rc\u0113 240g\/144g"},"content":{"rendered":"","protected":false},"excerpt":{"rendered":"<p>6.88 \u20ac\/kg<\/p>\n","protected":false},"featured_media":1243442,"template":"","meta":{"_acf_changed":false,"inline_featured_image":false},"product_cat":[540,135],"product_tag":[],"acf":[],"aioseo_notices":[],"_links":{"self":[{"href":"https:\/\/ventspils.citro.lv\/ru\/wp-json\/wp\/v2\/product\/754"}],"collection":[{"href":"https:\/\/ventspils.citro.lv\/ru\/wp-json\/wp\/v2\/product"}],"about":[{"href":"https:\/\/ventspils.citro.lv\/ru\/wp-json\/wp\/v2\/types\/product"}],"wp:featuredmedia":[{"embeddable":true,"href":"https:\/\/ventspils.citro.lv\/ru\/wp-json\/wp\/v2\/media\/1243442"}],"wp:attachment":[{"href":"https:\/\/ventspils.citro.lv\/ru\/wp-json\/wp\/v2\/media?parent=754"}],"wp:term":[{"taxonomy":"product_cat","embeddable":true,"href":"https:\/\/ventspils.citro.lv\/ru\/wp-json\/wp\/v2\/product_cat?post=754"},{"taxonomy":"product_tag","embeddable":true,"href":"https:\/\/ventspils.citro.lv\/ru\/wp-json\/wp\/v2\/product_tag?post=754"}],"curies":[{"name":"wp","href":"https:\/\/api.w.org\/{rel}","templated":true}]}}