{"id":750,"date":"2026-04-24T06:39:02","date_gmt":"2026-04-24T03:39:02","guid":{"rendered":"http:\/\/cvent.dev.wmc.lv\/ventspils\/veikals\/parslas-auzu-pilngr-500g-dobele-kast\/"},"modified":"2026-04-24T06:39:16","modified_gmt":"2026-04-24T03:39:16","slug":"parslas-auzu-pilngraudu-kastite-500g","status":"publish","type":"product","link":"https:\/\/ventspils.citro.lv\/ru\/veikals\/parslas-auzu-pilngraudu-kastite-500g\/","title":{"rendered":"P\u0101rslas auzu pilngraudu kast\u012bt\u0113 500g"},"content":{"rendered":"","protected":false},"excerpt":{"rendered":"<p>2.58 \u20ac\/kg<\/p>\n","protected":false},"featured_media":1252077,"template":"","meta":{"_acf_changed":false,"inline_featured_image":false},"product_cat":[118,123],"product_tag":[],"acf":[],"aioseo_notices":[],"_links":{"self":[{"href":"https:\/\/ventspils.citro.lv\/ru\/wp-json\/wp\/v2\/product\/750"}],"collection":[{"href":"https:\/\/ventspils.citro.lv\/ru\/wp-json\/wp\/v2\/product"}],"about":[{"href":"https:\/\/ventspils.citro.lv\/ru\/wp-json\/wp\/v2\/types\/product"}],"wp:featuredmedia":[{"embeddable":true,"href":"https:\/\/ventspils.citro.lv\/ru\/wp-json\/wp\/v2\/media\/1252077"}],"wp:attachment":[{"href":"https:\/\/ventspils.citro.lv\/ru\/wp-json\/wp\/v2\/media?parent=750"}],"wp:term":[{"taxonomy":"product_cat","embeddable":true,"href":"https:\/\/ventspils.citro.lv\/ru\/wp-json\/wp\/v2\/product_cat?post=750"},{"taxonomy":"product_tag","embeddable":true,"href":"https:\/\/ventspils.citro.lv\/ru\/wp-json\/wp\/v2\/product_tag?post=750"}],"curies":[{"name":"wp","href":"https:\/\/api.w.org\/{rel}","templated":true}]}}