{"id":748,"date":"2026-04-18T01:27:02","date_gmt":"2026-04-17T22:27:02","guid":{"rendered":"http:\/\/cvent.dev.wmc.lv\/ventspils\/veikals\/kafija-skistosa-indian-gold-90g\/"},"modified":"2026-04-18T01:27:14","modified_gmt":"2026-04-17T22:27:14","slug":"kafija-skistosa-indian-gold-90g","status":"publish","type":"product","link":"https:\/\/ventspils.citro.lv\/ru\/veikals\/kafija-skistosa-indian-gold-90g\/","title":{"rendered":"Kafija \u0161\u0137\u012bsto\u0161\u0101 Indian Gold 90g"},"content":{"rendered":"","protected":false},"excerpt":{"rendered":"<p>32.11 \u20ac\/kg<\/p>\n","protected":false},"featured_media":1247109,"template":"","meta":{"_acf_changed":false,"inline_featured_image":false},"product_cat":[538,142],"product_tag":[],"acf":[],"aioseo_notices":[],"_links":{"self":[{"href":"https:\/\/ventspils.citro.lv\/ru\/wp-json\/wp\/v2\/product\/748"}],"collection":[{"href":"https:\/\/ventspils.citro.lv\/ru\/wp-json\/wp\/v2\/product"}],"about":[{"href":"https:\/\/ventspils.citro.lv\/ru\/wp-json\/wp\/v2\/types\/product"}],"wp:featuredmedia":[{"embeddable":true,"href":"https:\/\/ventspils.citro.lv\/ru\/wp-json\/wp\/v2\/media\/1247109"}],"wp:attachment":[{"href":"https:\/\/ventspils.citro.lv\/ru\/wp-json\/wp\/v2\/media?parent=748"}],"wp:term":[{"taxonomy":"product_cat","embeddable":true,"href":"https:\/\/ventspils.citro.lv\/ru\/wp-json\/wp\/v2\/product_cat?post=748"},{"taxonomy":"product_tag","embeddable":true,"href":"https:\/\/ventspils.citro.lv\/ru\/wp-json\/wp\/v2\/product_tag?post=748"}],"curies":[{"name":"wp","href":"https:\/\/api.w.org\/{rel}","templated":true}]}}